{"id":1156,"date":"2022-07-21T11:34:55","date_gmt":"2022-07-21T09:34:55","guid":{"rendered":"https:\/\/info-omer.home.pl\/autoinstalator\/wordpressplugins20\/?page_id=1156"},"modified":"2022-07-21T13:23:14","modified_gmt":"2022-07-21T11:23:14","slug":"archiwum-przetargi","status":"publish","type":"page","link":"https:\/\/js-jarocin.pl\/index.php\/archiwum-przetargi\/","title":{"rendered":"Archiwum przetargi"},"content":{"rendered":"\t\t<div data-elementor-type=\"wp-page\" data-elementor-id=\"1156\" class=\"elementor elementor-1156\">\n\t\t\t\t\t\t<section class=\"elementor-section elementor-top-section elementor-element elementor-element-09d68cb elementor-section-boxed elementor-section-height-default elementor-section-height-default\" data-id=\"09d68cb\" data-element_type=\"section\" data-e-type=\"section\">\n\t\t\t\t\t\t<div class=\"elementor-container elementor-column-gap-default\">\n\t\t\t\t\t<div class=\"elementor-column elementor-col-100 elementor-top-column elementor-element elementor-element-9c35d81\" data-id=\"9c35d81\" data-element_type=\"column\" data-e-type=\"column\">\n\t\t\t<div class=\"elementor-widget-wrap elementor-element-populated\">\n\t\t\t\t\t\t<div class=\"elementor-element elementor-element-07f4992 elementor-widget elementor-widget-spacer\" data-id=\"07f4992\" data-element_type=\"widget\" data-e-type=\"widget\" data-widget_type=\"spacer.default\">\n\t\t\t\t<div class=\"elementor-widget-container\">\n\t\t\t\t\t\t\t<div class=\"elementor-spacer\">\n\t\t\t<div class=\"elementor-spacer-inner\"><\/div>\n\t\t<\/div>\n\t\t\t\t\t\t<\/div>\n\t\t\t\t<\/div>\n\t\t\t\t<div class=\"elementor-element elementor-element-7fe77dc elementor-widget elementor-widget-heading\" data-id=\"7fe77dc\" data-element_type=\"widget\" data-e-type=\"widget\" data-widget_type=\"heading.default\">\n\t\t\t\t<div class=\"elementor-widget-container\">\n\t\t\t\t\t<h2 class=\"elementor-heading-title elementor-size-xxl\">ARCHIWUM PRZETARGI<\/h2>\t\t\t\t<\/div>\n\t\t\t\t<\/div>\n\t\t\t\t\t<\/div>\n\t\t<\/div>\n\t\t\t\t\t<\/div>\n\t\t<\/section>\n\t\t\t\t<section class=\"elementor-section elementor-top-section elementor-element elementor-element-5ffe349 elementor-section-content-middle elementor-section-boxed elementor-section-height-default elementor-section-height-default\" data-id=\"5ffe349\" data-element_type=\"section\" data-e-type=\"section\">\n\t\t\t\t\t\t<div class=\"elementor-container elementor-column-gap-default\">\n\t\t\t\t\t<div class=\"elementor-column elementor-col-50 elementor-top-column elementor-element elementor-element-9993c6a\" data-id=\"9993c6a\" data-element_type=\"column\" data-e-type=\"column\">\n\t\t\t<div class=\"elementor-widget-wrap\">\n\t\t\t\t\t\t\t<\/div>\n\t\t<\/div>\n\t\t\t\t<div class=\"elementor-column elementor-col-50 elementor-top-column elementor-element elementor-element-46da282\" data-id=\"46da282\" data-element_type=\"column\" data-e-type=\"column\">\n\t\t\t<div class=\"elementor-widget-wrap elementor-element-populated\">\n\t\t\t\t\t\t<div class=\"elementor-element elementor-element-cac5db3 elementor-widget elementor-widget-shortcode\" data-id=\"cac5db3\" data-element_type=\"widget\" data-e-type=\"widget\" data-widget_type=\"shortcode.default\">\n\t\t\t\t<div class=\"elementor-widget-container\">\n\t\t\t\t\t\t\t<div class=\"elementor-shortcode\"><style type='text\/css' media='all'>#rt-tpg-container-3610510926 .rt-holder .rt-woo-info .price{color:#0367bf;}body .rt-tpg-container .rt-tpg-isotope-buttons .selected,\n\t\t\t\t\t#rt-tpg-container-3610510926 .layout12 .rt-holder:hover .rt-detail,\n\t\t\t\t\t#rt-tpg-container-3610510926 .isotope8 .rt-holder:hover .rt-detail,\n\t\t\t\t\t#rt-tpg-container-3610510926 .carousel8 .rt-holder:hover .rt-detail,\n\t\t\t\t\t#rt-tpg-container-3610510926 .layout13 .rt-holder .overlay .post-info,\n\t\t\t\t\t#rt-tpg-container-3610510926 .isotope9 .rt-holder .overlay .post-info,\n\t\t\t\t\t#rt-tpg-container-3610510926.rt-tpg-container .layout4 .rt-holder .rt-detail,\n\t\t\t\t\t.rt-modal-3610510926 .md-content,\n\t\t\t\t\t.rt-modal-3610510926 .md-content > .rt-md-content-holder .rt-md-content,\n\t\t\t\t\t.rt-popup-wrap-3610510926.rt-popup-wrap .rt-popup-navigation-wrap,\n\t\t\t\t\t#rt-tpg-container-3610510926 .carousel9 .rt-holder .overlay .post-info{background-color:#0367bf;}#rt-tpg-container-3610510926 .layout5 .rt-holder .overlay, #rt-tpg-container-3610510926 .isotope2 .rt-holder .overlay, #rt-tpg-container-3610510926 .carousel2 .rt-holder .overlay,#rt-tpg-container-3610510926 .layout15 .rt-holder h3, #rt-tpg-container-3610510926 .isotope11 .rt-holder h3, #rt-tpg-container-3610510926 .carousel11 .rt-holder h3, #rt-tpg-container-3610510926 .layout16 .rt-holder h3,\n\t\t\t\t\t#rt-tpg-container-3610510926 .isotope12 .rt-holder h3, #rt-tpg-container-3610510926 .carousel12 .rt-holder h3 {background-color:rgba(3,103,191,0.8);}#rt-tpg-container-3610510926 .read-more a{border-radius:px;}#rt-tpg-container-3610510926 .rt-img-holder img.rt-img-responsive,#rt-tpg-container-3610510926 .rt-img-holder,\n\t\t\t\t\t#rt-tpg-container-3610510926 .rt-post-overlay .post-img,\n\t\t\t\t\t#rt-tpg-container-3610510926 .post-sm .post-img,\n\t\t\t\t\t#rt-tpg-container-3610510926 .rt-post-grid .post-img,\n\t\t\t\t\t#rt-tpg-container-3610510926 .post-img img {border-radius:px;}<\/style><div class='rt-container-fluid rt-tpg-container tpg-shortcode-main-wrapper ' id='rt-tpg-container-3610510926'   data-layout='layout2' data-grid-style='even' data-desktop-col='1'  data-tab-col='2'  data-mobile-col='1' data-sc-id='1155'><div data-title='Loading ...' class='rt-row rt-content-loader   layout2 tpg-even '><div class=\"rt-col-md-12 rt-col-sm-6 rt-col-xs-12 even-grid-item rt-grid-item\" data-id=\"1435\"><div class=\"rt-holder\"><div class=\"rt-row\"><div class='rt-col-xs-12'><div class='rt-detail'><h3 class=\"entry-title\"><a data-id=\"1435\" class=\" disabled\" href=\"https:\/\/js-jarocin.pl\/index.php\/2022\/07\/25\/zawiadomienie-o-wyborze-ofert\/\">ZAWIADOMIENIE O WYBORZE OFERT<\/a><\/h3><div class='post-meta-user '><span class='date-meta'><i class='far fa-calendar-alt '><\/i>2022-07-25<\/span><\/div><div class='tpg-excerpt'><p><\/p>\n<p style=\"text-align: center\"><strong>ZAWIADOMIENIE O WYBORZE NAJKORZYSTNIEJSZEJ OFERTY&lt;\/br\nw post\u0119powaniu o udzielenie zam\u00f3wienia publicznego na <\/br><br \/>\n\"Sprz\u0105tanie pomieszcze\u0144 i utrzymanie czysto\u015bci w obiektach Jarocin Sport Sp. z o. o. w Jarocinie\"<\/br><br \/>\n[<a href=\"http:\/\/info-omer.home.pl\/autoinstalator\/wordpressplugins20\/wp-content\/uploads\/2022\/07\/20170110095645457.pdf\">Pobierz zawiadomienie<\/a>]<\/p>\n<p><\/p>\n<\/div><\/div><\/div><\/div><\/div><\/div><div class=\"rt-col-md-12 rt-col-sm-6 rt-col-xs-12 even-grid-item rt-grid-item\" data-id=\"1432\"><div class=\"rt-holder\"><div class=\"rt-row\"><div class='rt-col-xs-12'><div class='rt-detail'><h3 class=\"entry-title\"><a data-id=\"1432\" class=\" disabled\" href=\"https:\/\/js-jarocin.pl\/index.php\/2022\/07\/25\/informacja-z-otwarcia-ofert\/\">INFORMACJA Z OTWARCIA OFERT<\/a><\/h3><div class='post-meta-user '><span class='date-meta'><i class='far fa-calendar-alt '><\/i>2022-07-25<\/span><\/div><div class='tpg-excerpt'><p><\/p>\n<p style=\"text-align: center\"><strong>INFORMACJA Z OTWARCIA OFERT<\/strong><\/br><br \/>\nPost\u0119powanie Przetargowe nr JS\/ZP\/2\/2016<\/br><br \/>\n\"Sprz\u0105tanie pomieszcze\u0144 i utrzymanie czysto\u015bci w obiektach Jarocin Sport Sp. z o. o. w Jarocinie\"<\/br><br \/>\n[<a href=\"http:\/\/info-omer.home.pl\/autoinstalator\/wordpressplugins20\/wp-content\/uploads\/2022\/07\/20161223114157623.pdf\">Pobierz informacje z otwarcia ofert<\/a>]<\/p>\n<p><\/p>\n<\/div><\/div><\/div><\/div><\/div><\/div><div class=\"rt-col-md-12 rt-col-sm-6 rt-col-xs-12 even-grid-item rt-grid-item\" data-id=\"1429\"><div class=\"rt-holder\"><div class=\"rt-row\"><div class='rt-col-xs-12'><div class='rt-detail'><h3 class=\"entry-title\"><a data-id=\"1429\" class=\" disabled\" href=\"https:\/\/js-jarocin.pl\/index.php\/2022\/07\/25\/ogloszenie-o-przetargu-20\/\">OG\u0141OSZENIE O PRZETARGU<\/a><\/h3><div class='post-meta-user '><span class='date-meta'><i class='far fa-calendar-alt '><\/i>2022-07-25<\/span><\/div><div class='tpg-excerpt'><p><\/p>\n<p style=\"text-align: center\"><strong>OG\u0141OSZENIE PRZETARGU NIEOGRANICZONEGO<\/br><br \/>\nna zadanie:<\/br><br \/>\n\"Sprz\u0105tanie pomieszcze\u0144 i utrzymanie czysto\u015bci w obiektach Jarocin Sport Sp. z o. o. w Jarocinie\"<\/br><br \/>\n[<a href=\"http:\/\/info-omer.home.pl\/autoinstalator\/wordpressplugins20\/wp-content\/uploads\/2022\/07\/sprzatanie_pomieszczen_jarocinsport_2016.pdf\">Pobierz SIWZ<\/a>]<\/p>\n<p><\/p>\n<\/div><\/div><\/div><\/div><\/div><\/div><div class=\"rt-col-md-12 rt-col-sm-6 rt-col-xs-12 even-grid-item rt-grid-item\" data-id=\"1426\"><div class=\"rt-holder\"><div class=\"rt-row\"><div class='rt-col-xs-12'><div class='rt-detail'><h3 class=\"entry-title\"><a data-id=\"1426\" class=\" disabled\" href=\"https:\/\/js-jarocin.pl\/index.php\/2022\/07\/25\/zawiadomienie-o-wyborze-oferty-2\/\">ZAWIADOMIENIE O WYBORZE OFERTY<\/a><\/h3><div class='post-meta-user '><span class='date-meta'><i class='far fa-calendar-alt '><\/i>2022-07-25<\/span><\/div><div class='tpg-excerpt'><p><\/p>\n<p style=\"text-align: center\"><strong>ZAWIADOMIENIE<\/strong><\/br><br \/>\n<strong>O WYBORZE NAJKORZYSTNIEJSZEJ OFERTY<\/strong><\/br><br \/>\nZamawiaj\u0105cy zawiadamia o wyborze najkorzystniejszej oferty w post\u0119powaniu przetargowym na \"Kompleksowa obs\u0142uga ratownicza Aquaparku w Jarocinie i kompleksu Basen\u00f3w Odkrytych w Jarocinie\"<\/br><br \/>\n[<a href=\"http:\/\/info-omer.home.pl\/autoinstalator\/wordpressplugins20\/wp-content\/uploads\/2022\/07\/20161212101307193.pdf\">Pobierz zawiadomienie<\/a>]<\/p>\n<p><\/p>\n<\/div><\/div><\/div><\/div><\/div><\/div><div class=\"rt-col-md-12 rt-col-sm-6 rt-col-xs-12 even-grid-item rt-grid-item\" data-id=\"1423\"><div class=\"rt-holder\"><div class=\"rt-row\"><div class='rt-col-xs-12'><div class='rt-detail'><h3 class=\"entry-title\"><a data-id=\"1423\" class=\" disabled\" href=\"https:\/\/js-jarocin.pl\/index.php\/2022\/07\/25\/informacja-z-otwarcia-ofert-js-zp-1-2016\/\">INFORMACJA Z OTWARCIA OFERT JS\/ZP\/1\/2016<\/a><\/h3><div class='post-meta-user '><span class='date-meta'><i class='far fa-calendar-alt '><\/i>2022-07-25<\/span><\/div><div class='tpg-excerpt'><p><\/p>\n<p style=\"text-align: center\">INFORMACJA Z OTWARCIA OFERT&lt;\/&lt;br\/\nPOST\u0118POWANIE PRZETARGOWE NR<\/br><br \/>\nJS\/ZP\/1\/2016<\/br><br \/>\ndla zadania<\/br><br \/>\n\"Kompleksowa obs\u0142uga ratownicza Aquaparku w Jarocinie i Kompleksu Basen\u00f3w Odkrytych w Jarocinie\"<\/br><br \/>\n[<a href=\"http:\/\/info-omer.home.pl\/autoinstalator\/wordpressplugins20\/wp-content\/uploads\/2022\/07\/20161125125915480.pdf\">Pobierz<\/a>]<\/p>\n<p><\/p>\n<\/div><\/div><\/div><\/div><\/div><\/div><\/div><\/div><\/div>\n\t\t\t\t\t\t<\/div>\n\t\t\t\t<\/div>\n\t\t\t\t\t<\/div>\n\t\t<\/div>\n\t\t\t\t\t<\/div>\n\t\t<\/section>\n\t\t\t\t<\/div>\n\t\t","protected":false},"excerpt":{"rendered":"<p>ARCHIWUM PRZETARGI<\/p>\n","protected":false},"author":2,"featured_media":0,"parent":0,"menu_order":0,"comment_status":"closed","ping_status":"closed","template":"","meta":{"site-sidebar-layout":"no-sidebar","site-content-layout":"page-builder","ast-site-content-layout":"default","site-content-style":"default","site-sidebar-style":"default","ast-global-header-display":"","ast-banner-title-visibility":"","ast-main-header-display":"","ast-hfb-above-header-display":"","ast-hfb-below-header-display":"","ast-hfb-mobile-header-display":"","site-post-title":"disabled","ast-breadcrumbs-content":"","ast-featured-img":"disabled","footer-sml-layout":"","ast-disable-related-posts":"","theme-transparent-header-meta":"","adv-header-id-meta":"","stick-header-meta":"","header-above-stick-meta":"","header-main-stick-meta":"","header-below-stick-meta":"","astra-migrate-meta-layouts":"default","ast-page-background-enabled":"default","ast-page-background-meta":{"desktop":{"background-color":"var(--ast-global-color-4)","background-image":"","background-repeat":"repeat","background-position":"center center","background-size":"auto","background-attachment":"scroll","background-type":"","background-media":"","overlay-type":"","overlay-color":"","overlay-opacity":"","overlay-gradient":""},"tablet":{"background-color":"","background-image":"","background-repeat":"repeat","background-position":"center center","background-size":"auto","background-attachment":"scroll","background-type":"","background-media":"","overlay-type":"","overlay-color":"","overlay-opacity":"","overlay-gradient":""},"mobile":{"background-color":"","background-image":"","background-repeat":"repeat","background-position":"center center","background-size":"auto","background-attachment":"scroll","background-type":"","background-media":"","overlay-type":"","overlay-color":"","overlay-opacity":"","overlay-gradient":""}},"ast-content-background-meta":{"desktop":{"background-color":"var(--ast-global-color-5)","background-image":"","background-repeat":"repeat","background-position":"center center","background-size":"auto","background-attachment":"scroll","background-type":"","background-media":"","overlay-type":"","overlay-color":"","overlay-opacity":"","overlay-gradient":""},"tablet":{"background-color":"var(--ast-global-color-5)","background-image":"","background-repeat":"repeat","background-position":"center center","background-size":"auto","background-attachment":"scroll","background-type":"","background-media":"","overlay-type":"","overlay-color":"","overlay-opacity":"","overlay-gradient":""},"mobile":{"background-color":"var(--ast-global-color-5)","background-image":"","background-repeat":"repeat","background-position":"center center","background-size":"auto","background-attachment":"scroll","background-type":"","background-media":"","overlay-type":"","overlay-color":"","overlay-opacity":"","overlay-gradient":""}},"footnotes":""},"class_list":["post-1156","page","type-page","status-publish","hentry"],"yoast_head":"<!-- This site is optimized with the Yoast SEO plugin v27.4 - https:\/\/yoast.com\/product\/yoast-seo-wordpress\/ -->\n<title>Archiwum przetargi - Jarocin-sport.com.pl<\/title>\n<meta name=\"robots\" content=\"index, follow, max-snippet:-1, max-image-preview:large, max-video-preview:-1\" \/>\n<link rel=\"canonical\" href=\"https:\/\/js-jarocin.pl\/index.php\/archiwum-przetargi\/\" \/>\n<meta property=\"og:locale\" content=\"pl_PL\" \/>\n<meta property=\"og:type\" content=\"article\" \/>\n<meta property=\"og:title\" content=\"Archiwum przetargi - Jarocin-sport.com.pl\" \/>\n<meta property=\"og:description\" content=\"ARCHIWUM PRZETARGI\" \/>\n<meta property=\"og:url\" content=\"https:\/\/js-jarocin.pl\/index.php\/archiwum-przetargi\/\" \/>\n<meta property=\"og:site_name\" content=\"Jarocin-sport.com.pl\" \/>\n<meta property=\"article:modified_time\" content=\"2022-07-21T11:23:14+00:00\" \/>\n<meta name=\"twitter:card\" content=\"summary_large_image\" \/>\n<meta name=\"twitter:label1\" content=\"Szacowany czas czytania\" \/>\n\t<meta name=\"twitter:data1\" content=\"4 minuty\" \/>\n<script type=\"application\/ld+json\" class=\"yoast-schema-graph\">{\"@context\":\"https:\\\/\\\/schema.org\",\"@graph\":[{\"@type\":\"WebPage\",\"@id\":\"https:\\\/\\\/js-jarocin.pl\\\/index.php\\\/archiwum-przetargi\\\/\",\"url\":\"https:\\\/\\\/js-jarocin.pl\\\/index.php\\\/archiwum-przetargi\\\/\",\"name\":\"Archiwum przetargi - Jarocin-sport.com.pl\",\"isPartOf\":{\"@id\":\"https:\\\/\\\/js-jarocin.pl\\\/#website\"},\"datePublished\":\"2022-07-21T09:34:55+00:00\",\"dateModified\":\"2022-07-21T11:23:14+00:00\",\"breadcrumb\":{\"@id\":\"https:\\\/\\\/js-jarocin.pl\\\/index.php\\\/archiwum-przetargi\\\/#breadcrumb\"},\"inLanguage\":\"pl-PL\",\"potentialAction\":[{\"@type\":\"ReadAction\",\"target\":[\"https:\\\/\\\/js-jarocin.pl\\\/index.php\\\/archiwum-przetargi\\\/\"]}]},{\"@type\":\"BreadcrumbList\",\"@id\":\"https:\\\/\\\/js-jarocin.pl\\\/index.php\\\/archiwum-przetargi\\\/#breadcrumb\",\"itemListElement\":[{\"@type\":\"ListItem\",\"position\":1,\"name\":\"Home\",\"item\":\"https:\\\/\\\/js-jarocin.pl\\\/\"},{\"@type\":\"ListItem\",\"position\":2,\"name\":\"Archiwum przetargi\"}]},{\"@type\":\"WebSite\",\"@id\":\"https:\\\/\\\/js-jarocin.pl\\\/#website\",\"url\":\"https:\\\/\\\/js-jarocin.pl\\\/\",\"name\":\"Jarocin-sport.com.pl\",\"description\":\"Jarocin-sport\",\"potentialAction\":[{\"@type\":\"SearchAction\",\"target\":{\"@type\":\"EntryPoint\",\"urlTemplate\":\"https:\\\/\\\/js-jarocin.pl\\\/?s={search_term_string}\"},\"query-input\":{\"@type\":\"PropertyValueSpecification\",\"valueRequired\":true,\"valueName\":\"search_term_string\"}}],\"inLanguage\":\"pl-PL\"}]}<\/script>\n<!-- \/ Yoast SEO plugin. -->","yoast_head_json":{"title":"Archiwum przetargi - Jarocin-sport.com.pl","robots":{"index":"index","follow":"follow","max-snippet":"max-snippet:-1","max-image-preview":"max-image-preview:large","max-video-preview":"max-video-preview:-1"},"canonical":"https:\/\/js-jarocin.pl\/index.php\/archiwum-przetargi\/","og_locale":"pl_PL","og_type":"article","og_title":"Archiwum przetargi - Jarocin-sport.com.pl","og_description":"ARCHIWUM PRZETARGI","og_url":"https:\/\/js-jarocin.pl\/index.php\/archiwum-przetargi\/","og_site_name":"Jarocin-sport.com.pl","article_modified_time":"2022-07-21T11:23:14+00:00","twitter_card":"summary_large_image","twitter_misc":{"Szacowany czas czytania":"4 minuty"},"schema":{"@context":"https:\/\/schema.org","@graph":[{"@type":"WebPage","@id":"https:\/\/js-jarocin.pl\/index.php\/archiwum-przetargi\/","url":"https:\/\/js-jarocin.pl\/index.php\/archiwum-przetargi\/","name":"Archiwum przetargi - Jarocin-sport.com.pl","isPartOf":{"@id":"https:\/\/js-jarocin.pl\/#website"},"datePublished":"2022-07-21T09:34:55+00:00","dateModified":"2022-07-21T11:23:14+00:00","breadcrumb":{"@id":"https:\/\/js-jarocin.pl\/index.php\/archiwum-przetargi\/#breadcrumb"},"inLanguage":"pl-PL","potentialAction":[{"@type":"ReadAction","target":["https:\/\/js-jarocin.pl\/index.php\/archiwum-przetargi\/"]}]},{"@type":"BreadcrumbList","@id":"https:\/\/js-jarocin.pl\/index.php\/archiwum-przetargi\/#breadcrumb","itemListElement":[{"@type":"ListItem","position":1,"name":"Home","item":"https:\/\/js-jarocin.pl\/"},{"@type":"ListItem","position":2,"name":"Archiwum przetargi"}]},{"@type":"WebSite","@id":"https:\/\/js-jarocin.pl\/#website","url":"https:\/\/js-jarocin.pl\/","name":"Jarocin-sport.com.pl","description":"Jarocin-sport","potentialAction":[{"@type":"SearchAction","target":{"@type":"EntryPoint","urlTemplate":"https:\/\/js-jarocin.pl\/?s={search_term_string}"},"query-input":{"@type":"PropertyValueSpecification","valueRequired":true,"valueName":"search_term_string"}}],"inLanguage":"pl-PL"}]}},"rttpg_featured_image_url":null,"rttpg_author":{"display_name":"serwis","author_link":"https:\/\/js-jarocin.pl\/index.php\/author\/serwis\/"},"rttpg_comment":0,"rttpg_category":"","rttpg_excerpt":"ARCHIWUM PRZETARGI","_links":{"self":[{"href":"https:\/\/js-jarocin.pl\/index.php\/wp-json\/wp\/v2\/pages\/1156","targetHints":{"allow":["GET"]}}],"collection":[{"href":"https:\/\/js-jarocin.pl\/index.php\/wp-json\/wp\/v2\/pages"}],"about":[{"href":"https:\/\/js-jarocin.pl\/index.php\/wp-json\/wp\/v2\/types\/page"}],"author":[{"embeddable":true,"href":"https:\/\/js-jarocin.pl\/index.php\/wp-json\/wp\/v2\/users\/2"}],"replies":[{"embeddable":true,"href":"https:\/\/js-jarocin.pl\/index.php\/wp-json\/wp\/v2\/comments?post=1156"}],"version-history":[{"count":7,"href":"https:\/\/js-jarocin.pl\/index.php\/wp-json\/wp\/v2\/pages\/1156\/revisions"}],"predecessor-version":[{"id":1206,"href":"https:\/\/js-jarocin.pl\/index.php\/wp-json\/wp\/v2\/pages\/1156\/revisions\/1206"}],"wp:attachment":[{"href":"https:\/\/js-jarocin.pl\/index.php\/wp-json\/wp\/v2\/media?parent=1156"}],"curies":[{"name":"wp","href":"https:\/\/api.w.org\/{rel}","templated":true}]}}