{"id":1438,"date":"2022-07-26T10:07:01","date_gmt":"2022-07-26T08:07:01","guid":{"rendered":"https:\/\/info-omer.home.pl\/autoinstalator\/wordpressplugins20\/?page_id=1438"},"modified":"2022-07-26T10:10:03","modified_gmt":"2022-07-26T08:10:03","slug":"przetargi-2017","status":"publish","type":"page","link":"https:\/\/js-jarocin.pl\/index.php\/przetargi-2017\/","title":{"rendered":"Przetargi 2017"},"content":{"rendered":"\t\t<div data-elementor-type=\"wp-page\" data-elementor-id=\"1438\" class=\"elementor elementor-1438\">\n\t\t\t\t\t\t<section class=\"elementor-section elementor-top-section elementor-element elementor-element-dd5aa52 elementor-section-boxed elementor-section-height-default elementor-section-height-default\" data-id=\"dd5aa52\" data-element_type=\"section\" data-e-type=\"section\">\n\t\t\t\t\t\t<div class=\"elementor-container elementor-column-gap-default\">\n\t\t\t\t\t<div class=\"elementor-column elementor-col-100 elementor-top-column elementor-element elementor-element-3971285\" data-id=\"3971285\" data-element_type=\"column\" data-e-type=\"column\">\n\t\t\t<div class=\"elementor-widget-wrap elementor-element-populated\">\n\t\t\t\t\t\t<div class=\"elementor-element elementor-element-2bfabb9 elementor-widget elementor-widget-spacer\" data-id=\"2bfabb9\" data-element_type=\"widget\" data-e-type=\"widget\" data-widget_type=\"spacer.default\">\n\t\t\t\t<div class=\"elementor-widget-container\">\n\t\t\t\t\t\t\t<div class=\"elementor-spacer\">\n\t\t\t<div class=\"elementor-spacer-inner\"><\/div>\n\t\t<\/div>\n\t\t\t\t\t\t<\/div>\n\t\t\t\t<\/div>\n\t\t\t\t<div class=\"elementor-element elementor-element-f358afc elementor-widget elementor-widget-heading\" data-id=\"f358afc\" data-element_type=\"widget\" data-e-type=\"widget\" data-widget_type=\"heading.default\">\n\t\t\t\t<div class=\"elementor-widget-container\">\n\t\t\t\t\t<h2 class=\"elementor-heading-title elementor-size-xxl\">PRZETARGI 2017<\/h2>\t\t\t\t<\/div>\n\t\t\t\t<\/div>\n\t\t\t\t\t<\/div>\n\t\t<\/div>\n\t\t\t\t\t<\/div>\n\t\t<\/section>\n\t\t\t\t<section class=\"elementor-section elementor-top-section elementor-element elementor-element-b866872 elementor-section-content-middle elementor-section-boxed elementor-section-height-default elementor-section-height-default\" data-id=\"b866872\" data-element_type=\"section\" data-e-type=\"section\">\n\t\t\t\t\t\t<div class=\"elementor-container elementor-column-gap-default\">\n\t\t\t\t\t<div class=\"elementor-column elementor-col-50 elementor-top-column elementor-element elementor-element-4e63c85\" data-id=\"4e63c85\" data-element_type=\"column\" data-e-type=\"column\">\n\t\t\t<div class=\"elementor-widget-wrap\">\n\t\t\t\t\t\t\t<\/div>\n\t\t<\/div>\n\t\t\t\t<div class=\"elementor-column elementor-col-50 elementor-top-column elementor-element elementor-element-230c95a\" data-id=\"230c95a\" data-element_type=\"column\" data-e-type=\"column\">\n\t\t\t<div class=\"elementor-widget-wrap elementor-element-populated\">\n\t\t\t\t\t\t<div class=\"elementor-element elementor-element-ed15250 elementor-widget elementor-widget-shortcode\" data-id=\"ed15250\" data-element_type=\"widget\" data-e-type=\"widget\" data-widget_type=\"shortcode.default\">\n\t\t\t\t<div class=\"elementor-widget-container\">\n\t\t\t\t\t\t\t<div class=\"elementor-shortcode\"><style type='text\/css' media='all'>#rt-tpg-container-2634950938 .rt-holder .rt-woo-info .price{color:#0367bf;}body .rt-tpg-container .rt-tpg-isotope-buttons .selected,\n\t\t\t\t\t#rt-tpg-container-2634950938 .layout12 .rt-holder:hover .rt-detail,\n\t\t\t\t\t#rt-tpg-container-2634950938 .isotope8 .rt-holder:hover .rt-detail,\n\t\t\t\t\t#rt-tpg-container-2634950938 .carousel8 .rt-holder:hover .rt-detail,\n\t\t\t\t\t#rt-tpg-container-2634950938 .layout13 .rt-holder .overlay .post-info,\n\t\t\t\t\t#rt-tpg-container-2634950938 .isotope9 .rt-holder .overlay .post-info,\n\t\t\t\t\t#rt-tpg-container-2634950938.rt-tpg-container .layout4 .rt-holder .rt-detail,\n\t\t\t\t\t.rt-modal-2634950938 .md-content,\n\t\t\t\t\t.rt-modal-2634950938 .md-content > .rt-md-content-holder .rt-md-content,\n\t\t\t\t\t.rt-popup-wrap-2634950938.rt-popup-wrap .rt-popup-navigation-wrap,\n\t\t\t\t\t#rt-tpg-container-2634950938 .carousel9 .rt-holder .overlay .post-info{background-color:#0367bf;}#rt-tpg-container-2634950938 .layout5 .rt-holder .overlay, #rt-tpg-container-2634950938 .isotope2 .rt-holder .overlay, #rt-tpg-container-2634950938 .carousel2 .rt-holder .overlay,#rt-tpg-container-2634950938 .layout15 .rt-holder h3, #rt-tpg-container-2634950938 .isotope11 .rt-holder h3, #rt-tpg-container-2634950938 .carousel11 .rt-holder h3, #rt-tpg-container-2634950938 .layout16 .rt-holder h3,\n\t\t\t\t\t#rt-tpg-container-2634950938 .isotope12 .rt-holder h3, #rt-tpg-container-2634950938 .carousel12 .rt-holder h3 {background-color:rgba(3,103,191,0.8);}#rt-tpg-container-2634950938 .read-more a{border-radius:px;}#rt-tpg-container-2634950938 .rt-img-holder img.rt-img-responsive,#rt-tpg-container-2634950938 .rt-img-holder,\n\t\t\t\t\t#rt-tpg-container-2634950938 .rt-post-overlay .post-img,\n\t\t\t\t\t#rt-tpg-container-2634950938 .post-sm .post-img,\n\t\t\t\t\t#rt-tpg-container-2634950938 .rt-post-grid .post-img,\n\t\t\t\t\t#rt-tpg-container-2634950938 .post-img img {border-radius:px;}<\/style><div class='rt-container-fluid rt-tpg-container tpg-shortcode-main-wrapper ' id='rt-tpg-container-2634950938'   data-layout='layout2' data-grid-style='even' data-desktop-col='1'  data-tab-col='2'  data-mobile-col='1' data-sc-id='1440'><div data-title='Loading ...' class='rt-row rt-content-loader   layout2 tpg-even '><div class=\"rt-col-md-12 rt-col-sm-6 rt-col-xs-12 even-grid-item rt-grid-item\" data-id=\"1494\"><div class=\"rt-holder\"><div class=\"rt-row\"><div class='rt-col-xs-12'><div class='rt-detail'><h3 class=\"entry-title\"><a data-id=\"1494\" class=\" disabled\" href=\"https:\/\/js-jarocin.pl\/index.php\/2022\/07\/26\/informacja-o-wyborze-oferty\/\">INFORMACJA O WYBORZE OFERTY<\/a><\/h3><div class='post-meta-user '><span class='date-meta'><i class='far fa-calendar-alt '><\/i>2022-07-26<\/span><\/div><div class='tpg-excerpt'><p><\/p>\n<p style=\"text-align: center\">Zawiadomienie<\/br><br \/>\no wyborze najkorzystniejszej oferty cenowej w post\u0119powaniu przetargowym na zadanie:<\/br><br \/>\n\"Budowa i przebudowa obiekt\u00f3w sportowo - rekreacyjnych Jarocin Sport Sp. z o. o. w Jarocinie - zadanie inwestycyjne nr 1\"<\/br><br \/>\n[<a href=\"http:\/\/info-omer.home.pl\/autoinstalator\/wordpressplugins20\/wp-content\/uploads\/2022\/07\/zawiadomienie-o-wyborze-najkorzystniejszej_oferty-7-11-2017.zip\">Pobierz zawiadomienie<\/a>]<\/p>\n<p><\/p>\n<\/div><\/div><\/div><\/div><\/div><\/div><div class=\"rt-col-md-12 rt-col-sm-6 rt-col-xs-12 even-grid-item rt-grid-item\" data-id=\"1491\"><div class=\"rt-holder\"><div class=\"rt-row\"><div class='rt-col-xs-12'><div class='rt-detail'><h3 class=\"entry-title\"><a data-id=\"1491\" class=\" disabled\" href=\"https:\/\/js-jarocin.pl\/index.php\/2022\/07\/26\/informacja-z-otwarcia-ofert-3\/\">INFORMACJA Z OTWARCIA OFERT<\/a><\/h3><div class='post-meta-user '><span class='date-meta'><i class='far fa-calendar-alt '><\/i>2022-07-26<\/span><\/div><div class='tpg-excerpt'><p><\/p>\n<p style=\"text-align: center\">Dotyczy przetargu nieograniczonego na zadanie inwestycyjne:<\/br><br \/>\n\"Budowa i przebudowa obiekt\u00f3w sportowo - rekreacyjnych Sp\u00f3\u0142ki Jarocin Sport Sp. z o. o. w Jarocinie<\/br><br \/>\n- zadanie inwestycyjne nr 1 - <\/br><br \/>\nZamawiaj\u0105cy publikuje informacj\u0119 z otwarcia ofert przetargowych z dnia 2 pa\u017adziernika 2017r.<\/br><br \/>\n[<a href=\"http:\/\/info-omer.home.pl\/autoinstalator\/wordpressplugins20\/wp-content\/uploads\/2022\/07\/informacja-z-otwarcia-ofert-2-10-2017.zip\">Pobierz informacje z otwarcia ofert<\/a>]<\/p>\n<p><\/p>\n<\/div><\/div><\/div><\/div><\/div><\/div><div class=\"rt-col-md-12 rt-col-sm-6 rt-col-xs-12 even-grid-item rt-grid-item\" data-id=\"1488\"><div class=\"rt-holder\"><div class=\"rt-row\"><div class='rt-col-xs-12'><div class='rt-detail'><h3 class=\"entry-title\"><a data-id=\"1488\" class=\" disabled\" href=\"https:\/\/js-jarocin.pl\/index.php\/2022\/07\/26\/ogloszenie-o-zmianie-ogloszenia-2\/\">OG\u0141OSZENIE O ZMIANIE OG\u0141OSZENIA<\/a><\/h3><div class='post-meta-user '><span class='date-meta'><i class='far fa-calendar-alt '><\/i>2022-07-26<\/span><\/div><div class='tpg-excerpt'><p><\/p>\n<p style=\"text-align: center\">Dotyczy przetargu nieograniczonego na zadanie inwestycyjne:<\/br><br \/>\n\"Budowa i przebudowa obiekt\u00f3w sportowo - rekreacyjnych Sp\u00f3\u0142ki Jarocin Sport Sp. z o. o. w Jarocinie<\/br><br \/>\n- zadanie inwestycyjne nr 1 -<\/br><br \/>\nZamawiaj\u0105cy dokonuje zmiany SIWZ i og\u0142oszenia<\/br><br \/>\n[<a href=\"http:\/\/info-omer.home.pl\/autoinstalator\/wordpressplugins20\/wp-content\/uploads\/2022\/07\/zmiana-SIWZ-21-09-2017.zip\">Pobierz zmian\u0119 SIWZ, og\u0142oszenia<\/a>]<\/p>\n<p><\/p>\n<\/div><\/div><\/div><\/div><\/div><\/div><div class=\"rt-col-md-12 rt-col-sm-6 rt-col-xs-12 even-grid-item rt-grid-item\" data-id=\"1485\"><div class=\"rt-holder\"><div class=\"rt-row\"><div class='rt-col-xs-12'><div class='rt-detail'><h3 class=\"entry-title\"><a data-id=\"1485\" class=\" disabled\" href=\"https:\/\/js-jarocin.pl\/index.php\/2022\/07\/26\/zmiana-siwz-i-odpowiedzi-na-pytania-wykonawcow\/\">ZMIANA SIWZ I ODPOWIEDZI NA PYTANIA WYKONAWC\u00d3W<\/a><\/h3><div class='post-meta-user '><span class='date-meta'><i class='far fa-calendar-alt '><\/i>2022-07-26<\/span><\/div><div class='tpg-excerpt'><p><\/p>\n<p style=\"text-align: center\">Dotyczy przetargu nieograniczonego na zadanie inwestycyjne:<\/br><br \/>\n\"Budowa i przebudowa obiekt\u00f3w sportowo - rekreacyjnych Sp\u00f3\u0142ki Jarocin Sport Sp. z o. o. w Jarocinie<\/br><br \/>\n- zadanie inwestycyjne nr 1 - <\/br><br \/>\nZamawiaj\u0105cy publikuje wyja\u015bnienia na zadanie w toku post\u0119powania pytania <\/br><br \/>\noraz dokonuje zmiany SIWZ i og\u0142oszenia<\/br><br \/>\n[<a href=\"http:\/\/info-omer.home.pl\/autoinstalator\/wordpressplugins20\/wp-content\/uploads\/2022\/07\/zmiana-SIWZ-i-wyjasnienia-do-przetargu-19-09-2017p.zip\">Pobierz zmian\u0119 SIWZ, wyja\u015bnienia Zamawiaj\u0105cego<\/a>]<\/p>\n<p><\/p>\n<\/div><\/div><\/div><\/div><\/div><\/div><div class=\"rt-col-md-12 rt-col-sm-6 rt-col-xs-12 even-grid-item rt-grid-item\" data-id=\"1482\"><div class=\"rt-holder\"><div class=\"rt-row\"><div class='rt-col-xs-12'><div class='rt-detail'><h3 class=\"entry-title\"><a data-id=\"1482\" class=\" disabled\" href=\"https:\/\/js-jarocin.pl\/index.php\/2022\/07\/26\/wyjasnienia-zamawiajacego-i-zmiana-siwz\/\">WYJA\u015aNIENIA ZAMAWIAJ\u0104CEGO I ZMIANA SIWZ<\/a><\/h3><div class='post-meta-user '><span class='date-meta'><i class='far fa-calendar-alt '><\/i>2022-07-26<\/span><\/div><div class='tpg-excerpt'><p><\/p>\n<p style=\"text-align: center\">Dotyczy przetargu nieograniczonego na zadanie inwestycyjne:<\/br><br \/>\n\"Budowa i przebudowa obiekt\u00f3w sportowo - rekreacyjnych Sp\u00f3\u0142ki Jarocin Sport Sp. z o. o. w Jarocinie<\/br><br \/>\n- zadanie inwestycyjne nr 1 - <\/br><br \/>\nZamawiaj\u0105cy publikuje wyja\u015bnienia na zadane w toku post\u0119powania pytania<\/br><br \/>\noraz dokonuje zmiany SIWZ i og\u0142oszenia<\/br><br \/>\n[<a href=\"http:\/\/info-omer.home.pl\/autoinstalator\/wordpressplugins20\/wp-content\/uploads\/2022\/07\/zmiana-SIWZ-i-wyjasnienia-12-09-2017.zip\">Pobierz zmian\u0119 SIWZ, wyja\u015bnienia Zamawiaj\u0105cego<\/a>]<\/p>\n<p><\/p>\n<\/div><\/div><\/div><\/div><\/div><\/div><\/div><\/div><\/div>\n\t\t\t\t\t\t<\/div>\n\t\t\t\t<\/div>\n\t\t\t\t\t<\/div>\n\t\t<\/div>\n\t\t\t\t\t<\/div>\n\t\t<\/section>\n\t\t\t\t<\/div>\n\t\t","protected":false},"excerpt":{"rendered":"<p>PRZETARGI 2017<\/p>\n","protected":false},"author":2,"featured_media":0,"parent":0,"menu_order":0,"comment_status":"closed","ping_status":"closed","template":"","meta":{"site-sidebar-layout":"no-sidebar","site-content-layout":"page-builder","ast-site-content-layout":"default","site-content-style":"default","site-sidebar-style":"default","ast-global-header-display":"","ast-banner-title-visibility":"","ast-main-header-display":"","ast-hfb-above-header-display":"","ast-hfb-below-header-display":"","ast-hfb-mobile-header-display":"","site-post-title":"disabled","ast-breadcrumbs-content":"","ast-featured-img":"disabled","footer-sml-layout":"","ast-disable-related-posts":"","theme-transparent-header-meta":"","adv-header-id-meta":"","stick-header-meta":"","header-above-stick-meta":"","header-main-stick-meta":"","header-below-stick-meta":"","astra-migrate-meta-layouts":"default","ast-page-background-enabled":"default","ast-page-background-meta":{"desktop":{"background-color":"var(--ast-global-color-4)","background-image":"","background-repeat":"repeat","background-position":"center center","background-size":"auto","background-attachment":"scroll","background-type":"","background-media":"","overlay-type":"","overlay-color":"","overlay-opacity":"","overlay-gradient":""},"tablet":{"background-color":"","background-image":"","background-repeat":"repeat","background-position":"center center","background-size":"auto","background-attachment":"scroll","background-type":"","background-media":"","overlay-type":"","overlay-color":"","overlay-opacity":"","overlay-gradient":""},"mobile":{"background-color":"","background-image":"","background-repeat":"repeat","background-position":"center center","background-size":"auto","background-attachment":"scroll","background-type":"","background-media":"","overlay-type":"","overlay-color":"","overlay-opacity":"","overlay-gradient":""}},"ast-content-background-meta":{"desktop":{"background-color":"var(--ast-global-color-5)","background-image":"","background-repeat":"repeat","background-position":"center center","background-size":"auto","background-attachment":"scroll","background-type":"","background-media":"","overlay-type":"","overlay-color":"","overlay-opacity":"","overlay-gradient":""},"tablet":{"background-color":"var(--ast-global-color-5)","background-image":"","background-repeat":"repeat","background-position":"center center","background-size":"auto","background-attachment":"scroll","background-type":"","background-media":"","overlay-type":"","overlay-color":"","overlay-opacity":"","overlay-gradient":""},"mobile":{"background-color":"var(--ast-global-color-5)","background-image":"","background-repeat":"repeat","background-position":"center center","background-size":"auto","background-attachment":"scroll","background-type":"","background-media":"","overlay-type":"","overlay-color":"","overlay-opacity":"","overlay-gradient":""}},"footnotes":""},"class_list":["post-1438","page","type-page","status-publish","hentry"],"yoast_head":"<!-- This site is optimized with the Yoast SEO plugin v27.4 - https:\/\/yoast.com\/product\/yoast-seo-wordpress\/ -->\n<title>Przetargi 2017 - Jarocin-sport.com.pl<\/title>\n<meta name=\"robots\" content=\"index, follow, max-snippet:-1, max-image-preview:large, max-video-preview:-1\" \/>\n<link rel=\"canonical\" href=\"https:\/\/js-jarocin.pl\/index.php\/przetargi-2017\/\" \/>\n<meta property=\"og:locale\" content=\"pl_PL\" \/>\n<meta property=\"og:type\" content=\"article\" \/>\n<meta property=\"og:title\" content=\"Przetargi 2017 - Jarocin-sport.com.pl\" \/>\n<meta property=\"og:description\" content=\"PRZETARGI 2017\" \/>\n<meta property=\"og:url\" content=\"https:\/\/js-jarocin.pl\/index.php\/przetargi-2017\/\" \/>\n<meta property=\"og:site_name\" content=\"Jarocin-sport.com.pl\" \/>\n<meta property=\"article:modified_time\" content=\"2022-07-26T08:10:03+00:00\" \/>\n<meta name=\"twitter:card\" content=\"summary_large_image\" \/>\n<meta name=\"twitter:label1\" content=\"Szacowany czas czytania\" \/>\n\t<meta name=\"twitter:data1\" content=\"1 minuta\" \/>\n<script type=\"application\/ld+json\" class=\"yoast-schema-graph\">{\"@context\":\"https:\\\/\\\/schema.org\",\"@graph\":[{\"@type\":\"WebPage\",\"@id\":\"https:\\\/\\\/js-jarocin.pl\\\/index.php\\\/przetargi-2017\\\/\",\"url\":\"https:\\\/\\\/js-jarocin.pl\\\/index.php\\\/przetargi-2017\\\/\",\"name\":\"Przetargi 2017 - Jarocin-sport.com.pl\",\"isPartOf\":{\"@id\":\"https:\\\/\\\/js-jarocin.pl\\\/#website\"},\"datePublished\":\"2022-07-26T08:07:01+00:00\",\"dateModified\":\"2022-07-26T08:10:03+00:00\",\"breadcrumb\":{\"@id\":\"https:\\\/\\\/js-jarocin.pl\\\/index.php\\\/przetargi-2017\\\/#breadcrumb\"},\"inLanguage\":\"pl-PL\",\"potentialAction\":[{\"@type\":\"ReadAction\",\"target\":[\"https:\\\/\\\/js-jarocin.pl\\\/index.php\\\/przetargi-2017\\\/\"]}]},{\"@type\":\"BreadcrumbList\",\"@id\":\"https:\\\/\\\/js-jarocin.pl\\\/index.php\\\/przetargi-2017\\\/#breadcrumb\",\"itemListElement\":[{\"@type\":\"ListItem\",\"position\":1,\"name\":\"Home\",\"item\":\"https:\\\/\\\/js-jarocin.pl\\\/\"},{\"@type\":\"ListItem\",\"position\":2,\"name\":\"Przetargi 2017\"}]},{\"@type\":\"WebSite\",\"@id\":\"https:\\\/\\\/js-jarocin.pl\\\/#website\",\"url\":\"https:\\\/\\\/js-jarocin.pl\\\/\",\"name\":\"Jarocin-sport.com.pl\",\"description\":\"Jarocin-sport\",\"potentialAction\":[{\"@type\":\"SearchAction\",\"target\":{\"@type\":\"EntryPoint\",\"urlTemplate\":\"https:\\\/\\\/js-jarocin.pl\\\/?s={search_term_string}\"},\"query-input\":{\"@type\":\"PropertyValueSpecification\",\"valueRequired\":true,\"valueName\":\"search_term_string\"}}],\"inLanguage\":\"pl-PL\"}]}<\/script>\n<!-- \/ Yoast SEO plugin. -->","yoast_head_json":{"title":"Przetargi 2017 - Jarocin-sport.com.pl","robots":{"index":"index","follow":"follow","max-snippet":"max-snippet:-1","max-image-preview":"max-image-preview:large","max-video-preview":"max-video-preview:-1"},"canonical":"https:\/\/js-jarocin.pl\/index.php\/przetargi-2017\/","og_locale":"pl_PL","og_type":"article","og_title":"Przetargi 2017 - Jarocin-sport.com.pl","og_description":"PRZETARGI 2017","og_url":"https:\/\/js-jarocin.pl\/index.php\/przetargi-2017\/","og_site_name":"Jarocin-sport.com.pl","article_modified_time":"2022-07-26T08:10:03+00:00","twitter_card":"summary_large_image","twitter_misc":{"Szacowany czas czytania":"1 minuta"},"schema":{"@context":"https:\/\/schema.org","@graph":[{"@type":"WebPage","@id":"https:\/\/js-jarocin.pl\/index.php\/przetargi-2017\/","url":"https:\/\/js-jarocin.pl\/index.php\/przetargi-2017\/","name":"Przetargi 2017 - Jarocin-sport.com.pl","isPartOf":{"@id":"https:\/\/js-jarocin.pl\/#website"},"datePublished":"2022-07-26T08:07:01+00:00","dateModified":"2022-07-26T08:10:03+00:00","breadcrumb":{"@id":"https:\/\/js-jarocin.pl\/index.php\/przetargi-2017\/#breadcrumb"},"inLanguage":"pl-PL","potentialAction":[{"@type":"ReadAction","target":["https:\/\/js-jarocin.pl\/index.php\/przetargi-2017\/"]}]},{"@type":"BreadcrumbList","@id":"https:\/\/js-jarocin.pl\/index.php\/przetargi-2017\/#breadcrumb","itemListElement":[{"@type":"ListItem","position":1,"name":"Home","item":"https:\/\/js-jarocin.pl\/"},{"@type":"ListItem","position":2,"name":"Przetargi 2017"}]},{"@type":"WebSite","@id":"https:\/\/js-jarocin.pl\/#website","url":"https:\/\/js-jarocin.pl\/","name":"Jarocin-sport.com.pl","description":"Jarocin-sport","potentialAction":[{"@type":"SearchAction","target":{"@type":"EntryPoint","urlTemplate":"https:\/\/js-jarocin.pl\/?s={search_term_string}"},"query-input":{"@type":"PropertyValueSpecification","valueRequired":true,"valueName":"search_term_string"}}],"inLanguage":"pl-PL"}]}},"rttpg_featured_image_url":null,"rttpg_author":{"display_name":"serwis","author_link":"https:\/\/js-jarocin.pl\/index.php\/author\/serwis\/"},"rttpg_comment":0,"rttpg_category":"","rttpg_excerpt":"PRZETARGI 2017","_links":{"self":[{"href":"https:\/\/js-jarocin.pl\/index.php\/wp-json\/wp\/v2\/pages\/1438","targetHints":{"allow":["GET"]}}],"collection":[{"href":"https:\/\/js-jarocin.pl\/index.php\/wp-json\/wp\/v2\/pages"}],"about":[{"href":"https:\/\/js-jarocin.pl\/index.php\/wp-json\/wp\/v2\/types\/page"}],"author":[{"embeddable":true,"href":"https:\/\/js-jarocin.pl\/index.php\/wp-json\/wp\/v2\/users\/2"}],"replies":[{"embeddable":true,"href":"https:\/\/js-jarocin.pl\/index.php\/wp-json\/wp\/v2\/comments?post=1438"}],"version-history":[{"count":8,"href":"https:\/\/js-jarocin.pl\/index.php\/wp-json\/wp\/v2\/pages\/1438\/revisions"}],"predecessor-version":[{"id":1549,"href":"https:\/\/js-jarocin.pl\/index.php\/wp-json\/wp\/v2\/pages\/1438\/revisions\/1549"}],"wp:attachment":[{"href":"https:\/\/js-jarocin.pl\/index.php\/wp-json\/wp\/v2\/media?parent=1438"}],"curies":[{"name":"wp","href":"https:\/\/api.w.org\/{rel}","templated":true}]}}