{"id":3407,"date":"2024-03-08T12:55:41","date_gmt":"2024-03-08T11:55:41","guid":{"rendered":"http:\/\/js-jarocin.pl\/?page_id=3407"},"modified":"2024-03-08T13:00:17","modified_gmt":"2024-03-08T12:00:17","slug":"przetargi-2024","status":"publish","type":"page","link":"https:\/\/js-jarocin.pl\/index.php\/przetargi-2024\/","title":{"rendered":"Przetargi 2024"},"content":{"rendered":"\t\t<div data-elementor-type=\"wp-page\" data-elementor-id=\"3407\" class=\"elementor elementor-3407\">\n\t\t\t\t\t\t<section class=\"elementor-section elementor-top-section elementor-element elementor-element-ca3419c elementor-section-boxed elementor-section-height-default elementor-section-height-default\" data-id=\"ca3419c\" data-element_type=\"section\" data-e-type=\"section\">\n\t\t\t\t\t\t<div class=\"elementor-container elementor-column-gap-default\">\n\t\t\t\t\t<div class=\"elementor-column elementor-col-100 elementor-top-column elementor-element elementor-element-ad384a4\" data-id=\"ad384a4\" data-element_type=\"column\" data-e-type=\"column\">\n\t\t\t<div class=\"elementor-widget-wrap elementor-element-populated\">\n\t\t\t\t\t\t<div class=\"elementor-element elementor-element-aa0c499 elementor-widget elementor-widget-heading\" data-id=\"aa0c499\" data-element_type=\"widget\" data-e-type=\"widget\" data-widget_type=\"heading.default\">\n\t\t\t\t<div class=\"elementor-widget-container\">\n\t\t\t\t\t<h2 class=\"elementor-heading-title elementor-size-xxl\">PRZETARGI 2024<\/h2>\t\t\t\t<\/div>\n\t\t\t\t<\/div>\n\t\t\t\t\t<\/div>\n\t\t<\/div>\n\t\t\t\t\t<\/div>\n\t\t<\/section>\n\t\t\t\t<section class=\"elementor-section elementor-top-section elementor-element elementor-element-81fd07e elementor-section-boxed elementor-section-height-default elementor-section-height-default\" data-id=\"81fd07e\" data-element_type=\"section\" data-e-type=\"section\">\n\t\t\t\t\t\t<div class=\"elementor-container elementor-column-gap-default\">\n\t\t\t\t\t<div class=\"elementor-column elementor-col-100 elementor-top-column elementor-element elementor-element-36abb09\" data-id=\"36abb09\" data-element_type=\"column\" data-e-type=\"column\">\n\t\t\t<div class=\"elementor-widget-wrap elementor-element-populated\">\n\t\t\t\t\t\t<div class=\"elementor-element elementor-element-e43af6a elementor-widget elementor-widget-shortcode\" data-id=\"e43af6a\" data-element_type=\"widget\" data-e-type=\"widget\" data-widget_type=\"shortcode.default\">\n\t\t\t\t<div class=\"elementor-widget-container\">\n\t\t\t\t\t\t\t<div class=\"elementor-shortcode\"><style type='text\/css' media='all'>#rt-tpg-container-2716775342 .rt-holder .rt-woo-info .price{color:#0367bf;}body .rt-tpg-container .rt-tpg-isotope-buttons .selected,\n\t\t\t\t\t#rt-tpg-container-2716775342 .layout12 .rt-holder:hover .rt-detail,\n\t\t\t\t\t#rt-tpg-container-2716775342 .isotope8 .rt-holder:hover .rt-detail,\n\t\t\t\t\t#rt-tpg-container-2716775342 .carousel8 .rt-holder:hover .rt-detail,\n\t\t\t\t\t#rt-tpg-container-2716775342 .layout13 .rt-holder .overlay .post-info,\n\t\t\t\t\t#rt-tpg-container-2716775342 .isotope9 .rt-holder .overlay .post-info,\n\t\t\t\t\t#rt-tpg-container-2716775342.rt-tpg-container .layout4 .rt-holder .rt-detail,\n\t\t\t\t\t.rt-modal-2716775342 .md-content,\n\t\t\t\t\t.rt-modal-2716775342 .md-content > .rt-md-content-holder .rt-md-content,\n\t\t\t\t\t.rt-popup-wrap-2716775342.rt-popup-wrap .rt-popup-navigation-wrap,\n\t\t\t\t\t#rt-tpg-container-2716775342 .carousel9 .rt-holder .overlay .post-info{background-color:#0367bf;}#rt-tpg-container-2716775342 .layout5 .rt-holder .overlay, #rt-tpg-container-2716775342 .isotope2 .rt-holder .overlay, #rt-tpg-container-2716775342 .carousel2 .rt-holder .overlay,#rt-tpg-container-2716775342 .layout15 .rt-holder h3, #rt-tpg-container-2716775342 .isotope11 .rt-holder h3, #rt-tpg-container-2716775342 .carousel11 .rt-holder h3, #rt-tpg-container-2716775342 .layout16 .rt-holder h3,\n\t\t\t\t\t#rt-tpg-container-2716775342 .isotope12 .rt-holder h3, #rt-tpg-container-2716775342 .carousel12 .rt-holder h3 {background-color:rgba(3,103,191,0.8);}#rt-tpg-container-2716775342 .read-more a{border-radius:px;}#rt-tpg-container-2716775342 .rt-img-holder img.rt-img-responsive,#rt-tpg-container-2716775342 .rt-img-holder,\n\t\t\t\t\t#rt-tpg-container-2716775342 .rt-post-overlay .post-img,\n\t\t\t\t\t#rt-tpg-container-2716775342 .post-sm .post-img,\n\t\t\t\t\t#rt-tpg-container-2716775342 .rt-post-grid .post-img,\n\t\t\t\t\t#rt-tpg-container-2716775342 .post-img img {border-radius:px;}<\/style><div class='rt-container-fluid rt-tpg-container tpg-shortcode-main-wrapper ' id='rt-tpg-container-2716775342'   data-layout='layout2' data-grid-style='even' data-desktop-col='1'  data-tab-col='2'  data-mobile-col='1' data-sc-id='3409'><div data-title='Loading ...' class='rt-row rt-content-loader   layout2 tpg-even '><div class=\"rt-col-md-12 rt-col-sm-6 rt-col-xs-12 even-grid-item rt-grid-item\" data-id=\"4096\"><div class=\"rt-holder\"><div class=\"rt-row\"><div class='rt-col-sm-4 rt-col-xs-12 '><div class=\"rt-img-holder\"><a data-id='4096' class=' disabled' href='https:\/\/js-jarocin.pl\/index.php\/2024\/12\/09\/informacja-o-przetargu\/'><img fetchpriority=\"high\" decoding=\"async\" width=\"2000\" height=\"1600\" src=\"https:\/\/js-jarocin.pl\/wp-content\/uploads\/2022\/10\/komunikat_przetargi.png\" class=\"rt-img-responsive \" alt=\"\" \/><\/a><\/div><\/div><div class='rt-col-sm-8 rt-col-xs-12 '><div class='rt-detail'><h3 class=\"entry-title\"><a data-id=\"4096\" class=\" disabled\" href=\"https:\/\/js-jarocin.pl\/index.php\/2024\/12\/09\/informacja-o-przetargu\/\">Informacja o przetargu !<\/a><\/h3><div class='post-meta-user '><span class='date-meta'><i class='far fa-calendar-alt '><\/i>2024-12-09<\/span><\/div><div class='tpg-excerpt'><h6>Jarocin Sport Sp. z o.o. w Jarocinie og\u0142asza post\u0119powanie przetargowe w trybie podstawowym bez negocjacji na zadanie: \u015awiadczenie us\u0142ug pralniczych dla Hotelu i restauracji Jarota w Jarocinie.<\/h6>\n<h6>Link do pobrania dokument\u00f3w przetargowych:<\/h6>\n<h6><a href=\"https:\/\/jarocin.ezamawiajacy.pl\/pn\/jarocin\/demand\/notice\/public\/151506\/details\" target=\"_blank\" rel=\"noopener\">https:\/\/jarocin.ezamawiajacy.pl\/pn\/jarocin\/demand\/notice\/public\/151506\/details<\/a><\/h6>\n<\/div><\/div><\/div><\/div><\/div><\/div><div class=\"rt-col-md-12 rt-col-sm-6 rt-col-xs-12 even-grid-item rt-grid-item\" data-id=\"4068\"><div class=\"rt-holder\"><div class=\"rt-row\"><div class='rt-col-sm-4 rt-col-xs-12 '><div class=\"rt-img-holder\"><a data-id='4068' class=' disabled' href='https:\/\/js-jarocin.pl\/index.php\/2024\/11\/21\/ogloszenie-o-przetargu-40\/'><img fetchpriority=\"high\" decoding=\"async\" width=\"2000\" height=\"1600\" src=\"https:\/\/js-jarocin.pl\/wp-content\/uploads\/2022\/10\/komunikat_przetargi.png\" class=\"rt-img-responsive \" alt=\"\" \/><\/a><\/div><\/div><div class='rt-col-sm-8 rt-col-xs-12 '><div class='rt-detail'><h3 class=\"entry-title\"><a data-id=\"4068\" class=\" disabled\" href=\"https:\/\/js-jarocin.pl\/index.php\/2024\/11\/21\/ogloszenie-o-przetargu-40\/\">Og\u0142oszenie o przetargu<\/a><\/h3><div class='post-meta-user '><span class='date-meta'><i class='far fa-calendar-alt '><\/i>2024-11-21<\/span><\/div><div class='tpg-excerpt'><p>Przetarg nieograniczony<\/p>\n<h2>Sprz\u0105tanie hali widowiskowo \u2013 sportowej, Aquaparku oraz budynku wielofunkcyjnego CSR<\/h2>\n<p>Link do post\u0119powania:<\/p>\n<h2><a href=\"https:\/\/jarocin.ezamawiajacy.pl\/pn\/jarocin\/demand\/notice\/public\/149206\/details\" target=\"_blank\" rel=\"noopener\">https:\/\/jarocin.ezamawiajacy.pl\/pn\/jarocin\/demand\/notice\/public\/149206\/details<\/a><\/h2>\n<\/div><\/div><\/div><\/div><\/div><\/div><div class=\"rt-col-md-12 rt-col-sm-6 rt-col-xs-12 even-grid-item rt-grid-item\" data-id=\"3418\"><div class=\"rt-holder\"><div class=\"rt-row\"><div class='rt-col-sm-4 rt-col-xs-12 '><div class=\"rt-img-holder\"><a data-id='3418' class=' disabled' href='https:\/\/js-jarocin.pl\/index.php\/2024\/03\/08\/ogloszenie-o-przetargu-39\/'><img fetchpriority=\"high\" decoding=\"async\" width=\"2000\" height=\"1600\" src=\"https:\/\/js-jarocin.pl\/wp-content\/uploads\/2022\/10\/komunikat_przetargi.png\" class=\"rt-img-responsive \" alt=\"\" \/><\/a><\/div><\/div><div class='rt-col-sm-8 rt-col-xs-12 '><div class='rt-detail'><h3 class=\"entry-title\"><a data-id=\"3418\" class=\" disabled\" href=\"https:\/\/js-jarocin.pl\/index.php\/2024\/03\/08\/ogloszenie-o-przetargu-39\/\">Og\u0142oszenie o przetargu<\/a><\/h3><div class='post-meta-user '><span class='date-meta'><i class='far fa-calendar-alt '><\/i>2024-03-08<\/span><\/div><div class='tpg-excerpt'><p>Og\u0142oszenie post\u0119powania przetargowego na:\u00a0<\/p>\n<h3><strong>Modernizacja Hotelu Jarota w Jarocinie<\/strong><\/h3>\n<p>Link do postepowania:\u00a0<a href=\"https:\/\/jarocin.ezamawiajacy.pl\/pn\/jarocin\/demand\/notice\/public\/123650\/details\">https:\/\/jarocin.ezamawiajacy.pl\/pn\/jarocin\/demand\/notice\/public\/123650\/details<\/a><\/p>\n<p>\u00a0<\/p>\n<\/div><\/div><\/div><\/div><\/div><\/div><\/div><\/div><\/div>\n\t\t\t\t\t\t<\/div>\n\t\t\t\t<\/div>\n\t\t\t\t\t<\/div>\n\t\t<\/div>\n\t\t\t\t\t<\/div>\n\t\t<\/section>\n\t\t\t\t<\/div>\n\t\t","protected":false},"excerpt":{"rendered":"<p>PRZETARGI 2024<\/p>\n","protected":false},"author":2,"featured_media":0,"parent":0,"menu_order":0,"comment_status":"closed","ping_status":"closed","template":"","meta":{"site-sidebar-layout":"no-sidebar","site-content-layout":"page-builder","ast-site-content-layout":"default","site-content-style":"default","site-sidebar-style":"default","ast-global-header-display":"","ast-banner-title-visibility":"","ast-main-header-display":"","ast-hfb-above-header-display":"","ast-hfb-below-header-display":"","ast-hfb-mobile-header-display":"","site-post-title":"disabled","ast-breadcrumbs-content":"","ast-featured-img":"disabled","footer-sml-layout":"","ast-disable-related-posts":"","theme-transparent-header-meta":"","adv-header-id-meta":"","stick-header-meta":"","header-above-stick-meta":"","header-main-stick-meta":"","header-below-stick-meta":"","astra-migrate-meta-layouts":"default","ast-page-background-enabled":"default","ast-page-background-meta":{"desktop":{"background-color":"var(--ast-global-color-4)","background-image":"","background-repeat":"repeat","background-position":"center center","background-size":"auto","background-attachment":"scroll","background-type":"","background-media":"","overlay-type":"","overlay-color":"","overlay-opacity":"","overlay-gradient":""},"tablet":{"background-color":"","background-image":"","background-repeat":"repeat","background-position":"center center","background-size":"auto","background-attachment":"scroll","background-type":"","background-media":"","overlay-type":"","overlay-color":"","overlay-opacity":"","overlay-gradient":""},"mobile":{"background-color":"","background-image":"","background-repeat":"repeat","background-position":"center center","background-size":"auto","background-attachment":"scroll","background-type":"","background-media":"","overlay-type":"","overlay-color":"","overlay-opacity":"","overlay-gradient":""}},"ast-content-background-meta":{"desktop":{"background-color":"var(--ast-global-color-5)","background-image":"","background-repeat":"repeat","background-position":"center center","background-size":"auto","background-attachment":"scroll","background-type":"","background-media":"","overlay-type":"","overlay-color":"","overlay-opacity":"","overlay-gradient":""},"tablet":{"background-color":"var(--ast-global-color-5)","background-image":"","background-repeat":"repeat","background-position":"center center","background-size":"auto","background-attachment":"scroll","background-type":"","background-media":"","overlay-type":"","overlay-color":"","overlay-opacity":"","overlay-gradient":""},"mobile":{"background-color":"var(--ast-global-color-5)","background-image":"","background-repeat":"repeat","background-position":"center center","background-size":"auto","background-attachment":"scroll","background-type":"","background-media":"","overlay-type":"","overlay-color":"","overlay-opacity":"","overlay-gradient":""}},"footnotes":""},"class_list":["post-3407","page","type-page","status-publish","hentry"],"yoast_head":"<!-- This site is optimized with the Yoast SEO plugin v27.4 - https:\/\/yoast.com\/product\/yoast-seo-wordpress\/ -->\n<title>Przetargi 2024 - Jarocin-sport.com.pl<\/title>\n<meta name=\"robots\" content=\"index, follow, max-snippet:-1, max-image-preview:large, max-video-preview:-1\" \/>\n<link rel=\"canonical\" href=\"https:\/\/js-jarocin.pl\/index.php\/przetargi-2024\/\" \/>\n<meta property=\"og:locale\" content=\"pl_PL\" \/>\n<meta property=\"og:type\" content=\"article\" \/>\n<meta property=\"og:title\" content=\"Przetargi 2024 - Jarocin-sport.com.pl\" \/>\n<meta property=\"og:description\" content=\"PRZETARGI 2024\" \/>\n<meta property=\"og:url\" content=\"https:\/\/js-jarocin.pl\/index.php\/przetargi-2024\/\" \/>\n<meta property=\"og:site_name\" content=\"Jarocin-sport.com.pl\" \/>\n<meta property=\"article:modified_time\" content=\"2024-03-08T12:00:17+00:00\" \/>\n<meta name=\"twitter:card\" content=\"summary_large_image\" \/>\n<meta name=\"twitter:label1\" content=\"Szacowany czas czytania\" \/>\n\t<meta name=\"twitter:data1\" content=\"2 minuty\" \/>\n<script type=\"application\/ld+json\" class=\"yoast-schema-graph\">{\"@context\":\"https:\\\/\\\/schema.org\",\"@graph\":[{\"@type\":\"WebPage\",\"@id\":\"https:\\\/\\\/js-jarocin.pl\\\/index.php\\\/przetargi-2024\\\/\",\"url\":\"https:\\\/\\\/js-jarocin.pl\\\/index.php\\\/przetargi-2024\\\/\",\"name\":\"Przetargi 2024 - Jarocin-sport.com.pl\",\"isPartOf\":{\"@id\":\"https:\\\/\\\/js-jarocin.pl\\\/#website\"},\"datePublished\":\"2024-03-08T11:55:41+00:00\",\"dateModified\":\"2024-03-08T12:00:17+00:00\",\"breadcrumb\":{\"@id\":\"https:\\\/\\\/js-jarocin.pl\\\/index.php\\\/przetargi-2024\\\/#breadcrumb\"},\"inLanguage\":\"pl-PL\",\"potentialAction\":[{\"@type\":\"ReadAction\",\"target\":[\"https:\\\/\\\/js-jarocin.pl\\\/index.php\\\/przetargi-2024\\\/\"]}]},{\"@type\":\"BreadcrumbList\",\"@id\":\"https:\\\/\\\/js-jarocin.pl\\\/index.php\\\/przetargi-2024\\\/#breadcrumb\",\"itemListElement\":[{\"@type\":\"ListItem\",\"position\":1,\"name\":\"Home\",\"item\":\"https:\\\/\\\/js-jarocin.pl\\\/\"},{\"@type\":\"ListItem\",\"position\":2,\"name\":\"Przetargi 2024\"}]},{\"@type\":\"WebSite\",\"@id\":\"https:\\\/\\\/js-jarocin.pl\\\/#website\",\"url\":\"https:\\\/\\\/js-jarocin.pl\\\/\",\"name\":\"Jarocin-sport.com.pl\",\"description\":\"Jarocin-sport\",\"potentialAction\":[{\"@type\":\"SearchAction\",\"target\":{\"@type\":\"EntryPoint\",\"urlTemplate\":\"https:\\\/\\\/js-jarocin.pl\\\/?s={search_term_string}\"},\"query-input\":{\"@type\":\"PropertyValueSpecification\",\"valueRequired\":true,\"valueName\":\"search_term_string\"}}],\"inLanguage\":\"pl-PL\"}]}<\/script>\n<!-- \/ Yoast SEO plugin. -->","yoast_head_json":{"title":"Przetargi 2024 - Jarocin-sport.com.pl","robots":{"index":"index","follow":"follow","max-snippet":"max-snippet:-1","max-image-preview":"max-image-preview:large","max-video-preview":"max-video-preview:-1"},"canonical":"https:\/\/js-jarocin.pl\/index.php\/przetargi-2024\/","og_locale":"pl_PL","og_type":"article","og_title":"Przetargi 2024 - Jarocin-sport.com.pl","og_description":"PRZETARGI 2024","og_url":"https:\/\/js-jarocin.pl\/index.php\/przetargi-2024\/","og_site_name":"Jarocin-sport.com.pl","article_modified_time":"2024-03-08T12:00:17+00:00","twitter_card":"summary_large_image","twitter_misc":{"Szacowany czas czytania":"2 minuty"},"schema":{"@context":"https:\/\/schema.org","@graph":[{"@type":"WebPage","@id":"https:\/\/js-jarocin.pl\/index.php\/przetargi-2024\/","url":"https:\/\/js-jarocin.pl\/index.php\/przetargi-2024\/","name":"Przetargi 2024 - Jarocin-sport.com.pl","isPartOf":{"@id":"https:\/\/js-jarocin.pl\/#website"},"datePublished":"2024-03-08T11:55:41+00:00","dateModified":"2024-03-08T12:00:17+00:00","breadcrumb":{"@id":"https:\/\/js-jarocin.pl\/index.php\/przetargi-2024\/#breadcrumb"},"inLanguage":"pl-PL","potentialAction":[{"@type":"ReadAction","target":["https:\/\/js-jarocin.pl\/index.php\/przetargi-2024\/"]}]},{"@type":"BreadcrumbList","@id":"https:\/\/js-jarocin.pl\/index.php\/przetargi-2024\/#breadcrumb","itemListElement":[{"@type":"ListItem","position":1,"name":"Home","item":"https:\/\/js-jarocin.pl\/"},{"@type":"ListItem","position":2,"name":"Przetargi 2024"}]},{"@type":"WebSite","@id":"https:\/\/js-jarocin.pl\/#website","url":"https:\/\/js-jarocin.pl\/","name":"Jarocin-sport.com.pl","description":"Jarocin-sport","potentialAction":[{"@type":"SearchAction","target":{"@type":"EntryPoint","urlTemplate":"https:\/\/js-jarocin.pl\/?s={search_term_string}"},"query-input":{"@type":"PropertyValueSpecification","valueRequired":true,"valueName":"search_term_string"}}],"inLanguage":"pl-PL"}]}},"rttpg_featured_image_url":null,"rttpg_author":{"display_name":"serwis","author_link":"https:\/\/js-jarocin.pl\/index.php\/author\/serwis\/"},"rttpg_comment":0,"rttpg_category":"","rttpg_excerpt":"PRZETARGI 2024","_links":{"self":[{"href":"https:\/\/js-jarocin.pl\/index.php\/wp-json\/wp\/v2\/pages\/3407","targetHints":{"allow":["GET"]}}],"collection":[{"href":"https:\/\/js-jarocin.pl\/index.php\/wp-json\/wp\/v2\/pages"}],"about":[{"href":"https:\/\/js-jarocin.pl\/index.php\/wp-json\/wp\/v2\/types\/page"}],"author":[{"embeddable":true,"href":"https:\/\/js-jarocin.pl\/index.php\/wp-json\/wp\/v2\/users\/2"}],"replies":[{"embeddable":true,"href":"https:\/\/js-jarocin.pl\/index.php\/wp-json\/wp\/v2\/comments?post=3407"}],"version-history":[{"count":4,"href":"https:\/\/js-jarocin.pl\/index.php\/wp-json\/wp\/v2\/pages\/3407\/revisions"}],"predecessor-version":[{"id":3413,"href":"https:\/\/js-jarocin.pl\/index.php\/wp-json\/wp\/v2\/pages\/3407\/revisions\/3413"}],"wp:attachment":[{"href":"https:\/\/js-jarocin.pl\/index.php\/wp-json\/wp\/v2\/media?parent=3407"}],"curies":[{"name":"wp","href":"https:\/\/api.w.org\/{rel}","templated":true}]}}