{"id":473,"date":"2022-07-13T10:06:34","date_gmt":"2022-07-13T08:06:34","guid":{"rendered":"https:\/\/info-omer.home.pl\/autoinstalator\/wordpressplugins20\/?page_id=473"},"modified":"2022-07-13T13:12:25","modified_gmt":"2022-07-13T11:12:25","slug":"o-nas","status":"publish","type":"page","link":"https:\/\/js-jarocin.pl\/index.php\/o-nas\/","title":{"rendered":"O nas"},"content":{"rendered":"\t\t<div data-elementor-type=\"wp-page\" data-elementor-id=\"473\" class=\"elementor elementor-473\">\n\t\t\t\t\t\t<section class=\"elementor-section elementor-top-section elementor-element elementor-element-767a1d3 elementor-section-boxed elementor-section-height-default elementor-section-height-default\" data-id=\"767a1d3\" data-element_type=\"section\" data-e-type=\"section\">\n\t\t\t\t\t\t<div class=\"elementor-container elementor-column-gap-default\">\n\t\t\t\t\t<div class=\"elementor-column elementor-col-100 elementor-top-column elementor-element elementor-element-46b738d\" data-id=\"46b738d\" data-element_type=\"column\" data-e-type=\"column\">\n\t\t\t<div class=\"elementor-widget-wrap elementor-element-populated\">\n\t\t\t\t\t\t<div class=\"elementor-element elementor-element-59db3ad elementor-widget elementor-widget-heading\" data-id=\"59db3ad\" data-element_type=\"widget\" data-e-type=\"widget\" data-widget_type=\"heading.default\">\n\t\t\t\t<div class=\"elementor-widget-container\">\n\t\t\t\t\t<h2 class=\"elementor-heading-title elementor-size-xxl\">O nas<\/h2>\t\t\t\t<\/div>\n\t\t\t\t<\/div>\n\t\t\t\t\t<\/div>\n\t\t<\/div>\n\t\t\t\t\t<\/div>\n\t\t<\/section>\n\t\t\t\t<section class=\"elementor-section elementor-top-section elementor-element elementor-element-6bd760e elementor-section-full_width elementor-section-height-default elementor-section-height-default\" data-id=\"6bd760e\" data-element_type=\"section\" data-e-type=\"section\">\n\t\t\t\t\t\t<div class=\"elementor-container elementor-column-gap-default\">\n\t\t\t\t\t<div class=\"elementor-column elementor-col-50 elementor-top-column elementor-element elementor-element-5fce0cd\" data-id=\"5fce0cd\" data-element_type=\"column\" data-e-type=\"column\">\n\t\t\t<div class=\"elementor-widget-wrap elementor-element-populated\">\n\t\t\t\t\t\t<div class=\"elementor-element elementor-element-8515fc5 elementor-widget elementor-widget-image\" data-id=\"8515fc5\" data-element_type=\"widget\" data-e-type=\"widget\" data-widget_type=\"image.default\">\n\t\t\t\t<div class=\"elementor-widget-container\">\n\t\t\t\t\t\t\t\t\t\t\t\t\t\t\t<img fetchpriority=\"high\" decoding=\"async\" width=\"1024\" height=\"492\" src=\"https:\/\/js-jarocin.pl\/wp-content\/uploads\/2022\/07\/jarocin_sport_o_nas_bg-1024x492-1.jpg\" class=\"attachment-2048x2048 size-2048x2048 wp-image-533\" alt=\"\" srcset=\"https:\/\/js-jarocin.pl\/wp-content\/uploads\/2022\/07\/jarocin_sport_o_nas_bg-1024x492-1.jpg 1024w, https:\/\/js-jarocin.pl\/wp-content\/uploads\/2022\/07\/jarocin_sport_o_nas_bg-1024x492-1-300x144.jpg 300w, https:\/\/js-jarocin.pl\/wp-content\/uploads\/2022\/07\/jarocin_sport_o_nas_bg-1024x492-1-768x369.jpg 768w\" sizes=\"(max-width: 1024px) 100vw, 1024px\" \/>\t\t\t\t\t\t\t\t\t\t\t\t\t\t\t<\/div>\n\t\t\t\t<\/div>\n\t\t\t\t\t<\/div>\n\t\t<\/div>\n\t\t\t\t<div class=\"elementor-column elementor-col-50 elementor-top-column elementor-element elementor-element-1d0132b\" data-id=\"1d0132b\" data-element_type=\"column\" data-e-type=\"column\">\n\t\t\t<div class=\"elementor-widget-wrap elementor-element-populated\">\n\t\t\t\t\t\t<div class=\"elementor-element elementor-element-fd64526 elementor-widget elementor-widget-text-editor\" data-id=\"fd64526\" data-element_type=\"widget\" data-e-type=\"widget\" data-widget_type=\"text-editor.default\">\n\t\t\t\t<div class=\"elementor-widget-container\">\n\t\t\t\t\t\t\t\t\tZakres dzia\u0142alno\u015bci sp\u00f3\u0142ki Jarocin Sport jest bardzo szeroki. S\u0105 to mi\u0119dzy innymi:<\/br>\n<strong><span style=\"font-size: xx-large;\">Profil dzia\u0142alno\u015bci Jarocin Sport Sp. z o. o.<\/span><\/strong>\n<ul>\n \t<li>Us\u0142ugi hotelarskie,<\/li>\n \t<li>Us\u0142ugi konferencyjne, skzoleniowe,<\/li>\n \t<li>Organizacja szkole\u0144,<\/li>\n \t<li>Us\u0142ugi gastronomiczne,<\/li>\n \t<li>Organizacja imprez gastronomicznych,<\/li>\n \t<li>Catering,<\/li>\n \t<li>Budowa obiekt\u00f3w publicznych (sale sportowe, hotele, aquapark, boiska),<\/li>\n \t<li>Modernizacja obiekt\u00f3w publicznych (sale sportowe, hotele, aquapark, boiska),<\/li>\n \t<li>Wynajem nieruchomo\u015bci,<\/li>\n \t<li>Wynajem powierzchni reklamowych.<\/li>\n<\/ul>\t\t\t\t\t\t\t\t<\/div>\n\t\t\t\t<\/div>\n\t\t\t\t\t<\/div>\n\t\t<\/div>\n\t\t\t\t\t<\/div>\n\t\t<\/section>\n\t\t\t\t<section class=\"elementor-section elementor-top-section elementor-element elementor-element-7b31cfd elementor-section-boxed elementor-section-height-default elementor-section-height-default\" data-id=\"7b31cfd\" data-element_type=\"section\" data-e-type=\"section\">\n\t\t\t\t\t\t<div class=\"elementor-container elementor-column-gap-default\">\n\t\t\t\t\t<div class=\"elementor-column elementor-col-100 elementor-top-column elementor-element elementor-element-a148d6a\" data-id=\"a148d6a\" data-element_type=\"column\" data-e-type=\"column\">\n\t\t\t<div class=\"elementor-widget-wrap elementor-element-populated\">\n\t\t\t\t\t\t<div class=\"elementor-element elementor-element-fe0bc28 elementor-widget elementor-widget-text-editor\" data-id=\"fe0bc28\" data-element_type=\"widget\" data-e-type=\"widget\" data-widget_type=\"text-editor.default\">\n\t\t\t\t<div class=\"elementor-widget-container\">\n\t\t\t\t\t\t\t\t\t<span style=\"font-size: large;\">Sp\u00f3\u0142ka zrealizowa\u0142a m. in. takie inwestycje, jak budowa sal sportowych przy szko\u0142ach w Cielczy, Wilkowyi, Mieszkowie, ZS Nr 4 w Jarocinie, ZS Nr 3 w Jarocinie oraz ZS w Witaszycach. W 2007 roku zosta\u0142 oddany do u\u017cytkowania zmodernizowany Hotel &#8222;Jarota&#8221; w standardzie 3 gwiazdkowym ze 110 miejscami noclegowymi, b\u0119d\u0105cy jednym z najlepszych o\u015brodk\u00f3w przygotowawczych w Wielkopolsce. Kolejn\u0105 inwestycj\u0105 by\u0142a budowa pe\u0142nowymiarowej hali widowiskowo &#8211; sportowej w Jarocinie z boiskiem do pi\u0142ki r\u0119cznej, koszyk\u00f3wki i siatk\u00f3wki oraz z profesjonalnym dwupoziomowym fitness Clubem i kriokomor\u0105. W 2010 roku zako\u0144czono r\u00f3wnie\u017c budow\u0119 Aquaparku po\u0142\u0105czonego bezpo\u015brednio z budynkiem hotelowym, ze stref\u0105 sportow\u0105, rekreacyjn\u0105 i saunarium. W 2011 roku powsta\u0142a nowa trybuna wschodnia na stadionie w Jarocinie, kt\u00f3ra liczy blisko 1200 miejsc siedz\u0105cych, a 265 siedzisk znajduje sie pod zadaszeniem. P\u0142yta g\u0142\u00f3wna stadionu spe\u0142nia wymogi Polskiego Zwi\u0105zku Pi\u0142ki No\u017cnej dla obiekt\u00f3w, na kt\u00f3rych rozgrywane s\u0105 mecze II &#8211; ligowe. W kompleksie do dyspozycji r\u00f3wnie\u017c pe\u0142nowymiarowe boisko ze sztuczn\u0105 nawierzchni\u0105 trawiast\u0105 spe\u0142niaj\u0105ce warunki FIFA QUALITY PRO oraz dwa boiska treningowe trawiaste. Obecnie na obiektach sportowych sp\u00f3\u0142ki Jarocin Sport trwaj\u0105 prace przy budowie Centrum Sportowo &#8211; Rekreacyjnego. Powstanie tam, mi\u0119dzy innymi, pierwsze na Ziemi Jaroci\u0144skiej kryte lodowisko. Hala lodowiska b\u0119dzie mia\u0142a powierzchnie 1200m2. Obiekt, jako lodowisko wykorzystywany b\u0119dzie od listopada do marca lub kwietnia, natomiast w pozosta\u0142ych miesi\u0105cach, hala b\u0119dzie s\u0142u\u017cy\u0142a do organizowania r\u00f3\u017cnych wydarze\u0144: koncert\u00f3w, wystaw, czy targ\u00f3w. Hal\u0119 mo\u017cna b\u0119dzie tak\u017ce wykorzysta\u0107 jako boisko sportowe lub rolkowisko. Tu\u017c obok jest trzykondygnacyjny budynek z sze\u015bciotorow\u0105 kr\u0119gielni\u0105, pomieszczeniem klubowym oraz sal\u0105 do ta\u0144ca i scen\u0105. Kr\u0119gielnia b\u0119dzie spe\u0142nia\u0142a najwy\u017csze standardy \u015bwiatowe, zgodne z wymogami \u015bwiatowej organizacji bowlingowej UBC (Universal Bowling Center) oraz Polskiego Zwi\u0105zku Kr\u0119glarskiego (PZK). Na parterze budynku zlokalizowane zostan\u0105: sala sportowo &#8211; rekreacyjna, wielofunkcyjna sala fitness, kt\u00f3ra b\u0119dzie r\u00f3wnie\u017c wykorzystywana do zaj\u0119\u0107 i rozgrywek tenisa sto\u0142owego oraz sport\u00f3w si\u0142owych. Tam r\u00f3wnie\u017c swoje miejsce znajdzie kort do ricocheta oraz restauracja z tarasem. Na pi\u0119trze znajd\u0105 si\u0119 dwie wielofunkcyjne sale konferencyjno &#8211; eventowe z zapleczem gastronomicznym.<\/span>\t\t\t\t\t\t\t\t<\/div>\n\t\t\t\t<\/div>\n\t\t\t\t\t<\/div>\n\t\t<\/div>\n\t\t\t\t\t<\/div>\n\t\t<\/section>\n\t\t\t\t<\/div>\n\t\t","protected":false},"excerpt":{"rendered":"<p>O nas Zakres dzia\u0142alno\u015bci sp\u00f3\u0142ki Jarocin Sport jest bardzo szeroki. S\u0105 to mi\u0119dzy innymi: Profil dzia\u0142alno\u015bci Jarocin Sport Sp. z o. o. Us\u0142ugi hotelarskie, Us\u0142ugi konferencyjne, skzoleniowe, Organizacja szkole\u0144, Us\u0142ugi gastronomiczne, Organizacja imprez gastronomicznych, Catering, Budowa obiekt\u00f3w publicznych (sale sportowe, hotele, aquapark, boiska), Modernizacja obiekt\u00f3w publicznych (sale sportowe, hotele, aquapark, boiska), Wynajem nieruchomo\u015bci, Wynajem powierzchni [&hellip;]<\/p>\n","protected":false},"author":2,"featured_media":0,"parent":0,"menu_order":0,"comment_status":"closed","ping_status":"closed","template":"","meta":{"site-sidebar-layout":"no-sidebar","site-content-layout":"page-builder","ast-site-content-layout":"default","site-content-style":"default","site-sidebar-style":"default","ast-global-header-display":"","ast-banner-title-visibility":"","ast-main-header-display":"","ast-hfb-above-header-display":"","ast-hfb-below-header-display":"","ast-hfb-mobile-header-display":"","site-post-title":"disabled","ast-breadcrumbs-content":"","ast-featured-img":"disabled","footer-sml-layout":"","ast-disable-related-posts":"","theme-transparent-header-meta":"","adv-header-id-meta":"","stick-header-meta":"","header-above-stick-meta":"","header-main-stick-meta":"","header-below-stick-meta":"","astra-migrate-meta-layouts":"default","ast-page-background-enabled":"default","ast-page-background-meta":{"desktop":{"background-color":"var(--ast-global-color-4)","background-image":"","background-repeat":"repeat","background-position":"center center","background-size":"auto","background-attachment":"scroll","background-type":"","background-media":"","overlay-type":"","overlay-color":"","overlay-opacity":"","overlay-gradient":""},"tablet":{"background-color":"","background-image":"","background-repeat":"repeat","background-position":"center center","background-size":"auto","background-attachment":"scroll","background-type":"","background-media":"","overlay-type":"","overlay-color":"","overlay-opacity":"","overlay-gradient":""},"mobile":{"background-color":"","background-image":"","background-repeat":"repeat","background-position":"center center","background-size":"auto","background-attachment":"scroll","background-type":"","background-media":"","overlay-type":"","overlay-color":"","overlay-opacity":"","overlay-gradient":""}},"ast-content-background-meta":{"desktop":{"background-color":"var(--ast-global-color-5)","background-image":"","background-repeat":"repeat","background-position":"center center","background-size":"auto","background-attachment":"scroll","background-type":"","background-media":"","overlay-type":"","overlay-color":"","overlay-opacity":"","overlay-gradient":""},"tablet":{"background-color":"var(--ast-global-color-5)","background-image":"","background-repeat":"repeat","background-position":"center center","background-size":"auto","background-attachment":"scroll","background-type":"","background-media":"","overlay-type":"","overlay-color":"","overlay-opacity":"","overlay-gradient":""},"mobile":{"background-color":"var(--ast-global-color-5)","background-image":"","background-repeat":"repeat","background-position":"center center","background-size":"auto","background-attachment":"scroll","background-type":"","background-media":"","overlay-type":"","overlay-color":"","overlay-opacity":"","overlay-gradient":""}},"footnotes":""},"class_list":["post-473","page","type-page","status-publish","hentry"],"yoast_head":"<!-- This site is optimized with the Yoast SEO plugin v27.4 - https:\/\/yoast.com\/product\/yoast-seo-wordpress\/ -->\n<title>O nas - Jarocin-sport.com.pl<\/title>\n<meta name=\"robots\" content=\"index, follow, max-snippet:-1, max-image-preview:large, max-video-preview:-1\" \/>\n<link rel=\"canonical\" href=\"https:\/\/js-jarocin.pl\/index.php\/o-nas\/\" \/>\n<meta property=\"og:locale\" content=\"pl_PL\" \/>\n<meta property=\"og:type\" content=\"article\" \/>\n<meta property=\"og:title\" content=\"O nas - Jarocin-sport.com.pl\" \/>\n<meta property=\"og:description\" content=\"O nas Zakres dzia\u0142alno\u015bci sp\u00f3\u0142ki Jarocin Sport jest bardzo szeroki. S\u0105 to mi\u0119dzy innymi: Profil dzia\u0142alno\u015bci Jarocin Sport Sp. z o. o. Us\u0142ugi hotelarskie, Us\u0142ugi konferencyjne, skzoleniowe, Organizacja szkole\u0144, Us\u0142ugi gastronomiczne, Organizacja imprez gastronomicznych, Catering, Budowa obiekt\u00f3w publicznych (sale sportowe, hotele, aquapark, boiska), Modernizacja obiekt\u00f3w publicznych (sale sportowe, hotele, aquapark, boiska), Wynajem nieruchomo\u015bci, Wynajem powierzchni [&hellip;]\" \/>\n<meta property=\"og:url\" content=\"https:\/\/js-jarocin.pl\/index.php\/o-nas\/\" \/>\n<meta property=\"og:site_name\" content=\"Jarocin-sport.com.pl\" \/>\n<meta property=\"article:modified_time\" content=\"2022-07-13T11:12:25+00:00\" \/>\n<meta property=\"og:image\" content=\"http:\/\/info-omer.home.pl\/autoinstalator\/wordpressplugins20\/wp-content\/uploads\/2022\/07\/jarocin_sport_o_nas_bg-1024x492-1.jpg\" \/>\n<meta name=\"twitter:card\" content=\"summary_large_image\" \/>\n<meta name=\"twitter:label1\" content=\"Szacowany czas czytania\" \/>\n\t<meta name=\"twitter:data1\" content=\"3 minuty\" \/>\n<script type=\"application\/ld+json\" class=\"yoast-schema-graph\">{\"@context\":\"https:\\\/\\\/schema.org\",\"@graph\":[{\"@type\":\"WebPage\",\"@id\":\"https:\\\/\\\/js-jarocin.pl\\\/index.php\\\/o-nas\\\/\",\"url\":\"https:\\\/\\\/js-jarocin.pl\\\/index.php\\\/o-nas\\\/\",\"name\":\"O nas - Jarocin-sport.com.pl\",\"isPartOf\":{\"@id\":\"https:\\\/\\\/js-jarocin.pl\\\/#website\"},\"primaryImageOfPage\":{\"@id\":\"https:\\\/\\\/js-jarocin.pl\\\/index.php\\\/o-nas\\\/#primaryimage\"},\"image\":{\"@id\":\"https:\\\/\\\/js-jarocin.pl\\\/index.php\\\/o-nas\\\/#primaryimage\"},\"thumbnailUrl\":\"http:\\\/\\\/info-omer.home.pl\\\/autoinstalator\\\/wordpressplugins20\\\/wp-content\\\/uploads\\\/2022\\\/07\\\/jarocin_sport_o_nas_bg-1024x492-1.jpg\",\"datePublished\":\"2022-07-13T08:06:34+00:00\",\"dateModified\":\"2022-07-13T11:12:25+00:00\",\"breadcrumb\":{\"@id\":\"https:\\\/\\\/js-jarocin.pl\\\/index.php\\\/o-nas\\\/#breadcrumb\"},\"inLanguage\":\"pl-PL\",\"potentialAction\":[{\"@type\":\"ReadAction\",\"target\":[\"https:\\\/\\\/js-jarocin.pl\\\/index.php\\\/o-nas\\\/\"]}]},{\"@type\":\"ImageObject\",\"inLanguage\":\"pl-PL\",\"@id\":\"https:\\\/\\\/js-jarocin.pl\\\/index.php\\\/o-nas\\\/#primaryimage\",\"url\":\"http:\\\/\\\/info-omer.home.pl\\\/autoinstalator\\\/wordpressplugins20\\\/wp-content\\\/uploads\\\/2022\\\/07\\\/jarocin_sport_o_nas_bg-1024x492-1.jpg\",\"contentUrl\":\"http:\\\/\\\/info-omer.home.pl\\\/autoinstalator\\\/wordpressplugins20\\\/wp-content\\\/uploads\\\/2022\\\/07\\\/jarocin_sport_o_nas_bg-1024x492-1.jpg\"},{\"@type\":\"BreadcrumbList\",\"@id\":\"https:\\\/\\\/js-jarocin.pl\\\/index.php\\\/o-nas\\\/#breadcrumb\",\"itemListElement\":[{\"@type\":\"ListItem\",\"position\":1,\"name\":\"Home\",\"item\":\"https:\\\/\\\/js-jarocin.pl\\\/\"},{\"@type\":\"ListItem\",\"position\":2,\"name\":\"O nas\"}]},{\"@type\":\"WebSite\",\"@id\":\"https:\\\/\\\/js-jarocin.pl\\\/#website\",\"url\":\"https:\\\/\\\/js-jarocin.pl\\\/\",\"name\":\"Jarocin-sport.com.pl\",\"description\":\"Jarocin-sport\",\"potentialAction\":[{\"@type\":\"SearchAction\",\"target\":{\"@type\":\"EntryPoint\",\"urlTemplate\":\"https:\\\/\\\/js-jarocin.pl\\\/?s={search_term_string}\"},\"query-input\":{\"@type\":\"PropertyValueSpecification\",\"valueRequired\":true,\"valueName\":\"search_term_string\"}}],\"inLanguage\":\"pl-PL\"}]}<\/script>\n<!-- \/ Yoast SEO plugin. -->","yoast_head_json":{"title":"O nas - Jarocin-sport.com.pl","robots":{"index":"index","follow":"follow","max-snippet":"max-snippet:-1","max-image-preview":"max-image-preview:large","max-video-preview":"max-video-preview:-1"},"canonical":"https:\/\/js-jarocin.pl\/index.php\/o-nas\/","og_locale":"pl_PL","og_type":"article","og_title":"O nas - Jarocin-sport.com.pl","og_description":"O nas Zakres dzia\u0142alno\u015bci sp\u00f3\u0142ki Jarocin Sport jest bardzo szeroki. S\u0105 to mi\u0119dzy innymi: Profil dzia\u0142alno\u015bci Jarocin Sport Sp. z o. o. Us\u0142ugi hotelarskie, Us\u0142ugi konferencyjne, skzoleniowe, Organizacja szkole\u0144, Us\u0142ugi gastronomiczne, Organizacja imprez gastronomicznych, Catering, Budowa obiekt\u00f3w publicznych (sale sportowe, hotele, aquapark, boiska), Modernizacja obiekt\u00f3w publicznych (sale sportowe, hotele, aquapark, boiska), Wynajem nieruchomo\u015bci, Wynajem powierzchni [&hellip;]","og_url":"https:\/\/js-jarocin.pl\/index.php\/o-nas\/","og_site_name":"Jarocin-sport.com.pl","article_modified_time":"2022-07-13T11:12:25+00:00","og_image":[{"url":"http:\/\/info-omer.home.pl\/autoinstalator\/wordpressplugins20\/wp-content\/uploads\/2022\/07\/jarocin_sport_o_nas_bg-1024x492-1.jpg","type":"","width":"","height":""}],"twitter_card":"summary_large_image","twitter_misc":{"Szacowany czas czytania":"3 minuty"},"schema":{"@context":"https:\/\/schema.org","@graph":[{"@type":"WebPage","@id":"https:\/\/js-jarocin.pl\/index.php\/o-nas\/","url":"https:\/\/js-jarocin.pl\/index.php\/o-nas\/","name":"O nas - Jarocin-sport.com.pl","isPartOf":{"@id":"https:\/\/js-jarocin.pl\/#website"},"primaryImageOfPage":{"@id":"https:\/\/js-jarocin.pl\/index.php\/o-nas\/#primaryimage"},"image":{"@id":"https:\/\/js-jarocin.pl\/index.php\/o-nas\/#primaryimage"},"thumbnailUrl":"http:\/\/info-omer.home.pl\/autoinstalator\/wordpressplugins20\/wp-content\/uploads\/2022\/07\/jarocin_sport_o_nas_bg-1024x492-1.jpg","datePublished":"2022-07-13T08:06:34+00:00","dateModified":"2022-07-13T11:12:25+00:00","breadcrumb":{"@id":"https:\/\/js-jarocin.pl\/index.php\/o-nas\/#breadcrumb"},"inLanguage":"pl-PL","potentialAction":[{"@type":"ReadAction","target":["https:\/\/js-jarocin.pl\/index.php\/o-nas\/"]}]},{"@type":"ImageObject","inLanguage":"pl-PL","@id":"https:\/\/js-jarocin.pl\/index.php\/o-nas\/#primaryimage","url":"http:\/\/info-omer.home.pl\/autoinstalator\/wordpressplugins20\/wp-content\/uploads\/2022\/07\/jarocin_sport_o_nas_bg-1024x492-1.jpg","contentUrl":"http:\/\/info-omer.home.pl\/autoinstalator\/wordpressplugins20\/wp-content\/uploads\/2022\/07\/jarocin_sport_o_nas_bg-1024x492-1.jpg"},{"@type":"BreadcrumbList","@id":"https:\/\/js-jarocin.pl\/index.php\/o-nas\/#breadcrumb","itemListElement":[{"@type":"ListItem","position":1,"name":"Home","item":"https:\/\/js-jarocin.pl\/"},{"@type":"ListItem","position":2,"name":"O nas"}]},{"@type":"WebSite","@id":"https:\/\/js-jarocin.pl\/#website","url":"https:\/\/js-jarocin.pl\/","name":"Jarocin-sport.com.pl","description":"Jarocin-sport","potentialAction":[{"@type":"SearchAction","target":{"@type":"EntryPoint","urlTemplate":"https:\/\/js-jarocin.pl\/?s={search_term_string}"},"query-input":{"@type":"PropertyValueSpecification","valueRequired":true,"valueName":"search_term_string"}}],"inLanguage":"pl-PL"}]}},"rttpg_featured_image_url":null,"rttpg_author":{"display_name":"serwis","author_link":"https:\/\/js-jarocin.pl\/index.php\/author\/serwis\/"},"rttpg_comment":0,"rttpg_category":null,"rttpg_excerpt":"O nas Zakres dzia\u0142alno\u015bci sp\u00f3\u0142ki Jarocin Sport jest bardzo szeroki. S\u0105 to mi\u0119dzy innymi: Profil dzia\u0142alno\u015bci Jarocin Sport Sp. z o. o. Us\u0142ugi hotelarskie, Us\u0142ugi konferencyjne, skzoleniowe, Organizacja szkole\u0144, Us\u0142ugi gastronomiczne, Organizacja imprez gastronomicznych, Catering, Budowa obiekt\u00f3w publicznych (sale sportowe, hotele, aquapark, boiska), Modernizacja obiekt\u00f3w publicznych (sale sportowe, hotele, aquapark, boiska), Wynajem nieruchomo\u015bci, Wynajem powierzchni&hellip;","_links":{"self":[{"href":"https:\/\/js-jarocin.pl\/index.php\/wp-json\/wp\/v2\/pages\/473","targetHints":{"allow":["GET"]}}],"collection":[{"href":"https:\/\/js-jarocin.pl\/index.php\/wp-json\/wp\/v2\/pages"}],"about":[{"href":"https:\/\/js-jarocin.pl\/index.php\/wp-json\/wp\/v2\/types\/page"}],"author":[{"embeddable":true,"href":"https:\/\/js-jarocin.pl\/index.php\/wp-json\/wp\/v2\/users\/2"}],"replies":[{"embeddable":true,"href":"https:\/\/js-jarocin.pl\/index.php\/wp-json\/wp\/v2\/comments?post=473"}],"version-history":[{"count":13,"href":"https:\/\/js-jarocin.pl\/index.php\/wp-json\/wp\/v2\/pages\/473\/revisions"}],"predecessor-version":[{"id":539,"href":"https:\/\/js-jarocin.pl\/index.php\/wp-json\/wp\/v2\/pages\/473\/revisions\/539"}],"wp:attachment":[{"href":"https:\/\/js-jarocin.pl\/index.php\/wp-json\/wp\/v2\/media?parent=473"}],"curies":[{"name":"wp","href":"https:\/\/api.w.org\/{rel}","templated":true}]}}