{"id":475,"date":"2022-07-13T10:06:54","date_gmt":"2022-07-13T08:06:54","guid":{"rendered":"https:\/\/info-omer.home.pl\/autoinstalator\/wordpressplugins20\/?page_id=475"},"modified":"2022-07-13T12:22:55","modified_gmt":"2022-07-13T10:22:55","slug":"przetargi","status":"publish","type":"page","link":"https:\/\/js-jarocin.pl\/index.php\/przetargi\/","title":{"rendered":"Przetargi 2020 i 2021"},"content":{"rendered":"\t\t<div data-elementor-type=\"wp-page\" data-elementor-id=\"475\" class=\"elementor elementor-475\">\n\t\t\t\t\t\t<section class=\"elementor-section elementor-top-section elementor-element elementor-element-2d371d9 elementor-section-boxed elementor-section-height-default elementor-section-height-default\" data-id=\"2d371d9\" data-element_type=\"section\" data-e-type=\"section\">\n\t\t\t\t\t\t<div class=\"elementor-container elementor-column-gap-default\">\n\t\t\t\t\t<div class=\"elementor-column elementor-col-100 elementor-top-column elementor-element elementor-element-0a2305b\" data-id=\"0a2305b\" data-element_type=\"column\" data-e-type=\"column\">\n\t\t\t<div class=\"elementor-widget-wrap elementor-element-populated\">\n\t\t\t\t\t\t<div class=\"elementor-element elementor-element-131c3d4 elementor-widget elementor-widget-heading\" data-id=\"131c3d4\" data-element_type=\"widget\" data-e-type=\"widget\" data-widget_type=\"heading.default\">\n\t\t\t\t<div class=\"elementor-widget-container\">\n\t\t\t\t\t<h2 class=\"elementor-heading-title elementor-size-xxl\">PRZETARGI 2020 i 2021<\/h2>\t\t\t\t<\/div>\n\t\t\t\t<\/div>\n\t\t\t\t\t<\/div>\n\t\t<\/div>\n\t\t\t\t\t<\/div>\n\t\t<\/section>\n\t\t\t\t<section class=\"elementor-section elementor-top-section elementor-element elementor-element-dc2f776 elementor-section-boxed elementor-section-height-default elementor-section-height-default\" data-id=\"dc2f776\" data-element_type=\"section\" data-e-type=\"section\">\n\t\t\t\t\t\t<div class=\"elementor-container elementor-column-gap-default\">\n\t\t\t\t\t<div class=\"elementor-column elementor-col-100 elementor-top-column elementor-element elementor-element-8fb8f65\" data-id=\"8fb8f65\" data-element_type=\"column\" data-e-type=\"column\">\n\t\t\t<div class=\"elementor-widget-wrap elementor-element-populated\">\n\t\t\t\t\t\t<div class=\"elementor-element elementor-element-fe951f6 elementor-widget elementor-widget-shortcode\" data-id=\"fe951f6\" data-element_type=\"widget\" data-e-type=\"widget\" data-widget_type=\"shortcode.default\">\n\t\t\t\t<div class=\"elementor-widget-container\">\n\t\t\t\t\t\t\t<div class=\"elementor-shortcode\"><style type='text\/css' media='all'>#rt-tpg-container-4126970914 .rt-holder .rt-woo-info .price{color:#0367bf;}body .rt-tpg-container .rt-tpg-isotope-buttons .selected,\n\t\t\t\t\t#rt-tpg-container-4126970914 .layout12 .rt-holder:hover .rt-detail,\n\t\t\t\t\t#rt-tpg-container-4126970914 .isotope8 .rt-holder:hover .rt-detail,\n\t\t\t\t\t#rt-tpg-container-4126970914 .carousel8 .rt-holder:hover .rt-detail,\n\t\t\t\t\t#rt-tpg-container-4126970914 .layout13 .rt-holder .overlay .post-info,\n\t\t\t\t\t#rt-tpg-container-4126970914 .isotope9 .rt-holder .overlay .post-info,\n\t\t\t\t\t#rt-tpg-container-4126970914.rt-tpg-container .layout4 .rt-holder .rt-detail,\n\t\t\t\t\t.rt-modal-4126970914 .md-content,\n\t\t\t\t\t.rt-modal-4126970914 .md-content > .rt-md-content-holder .rt-md-content,\n\t\t\t\t\t.rt-popup-wrap-4126970914.rt-popup-wrap .rt-popup-navigation-wrap,\n\t\t\t\t\t#rt-tpg-container-4126970914 .carousel9 .rt-holder .overlay .post-info{background-color:#0367bf;}#rt-tpg-container-4126970914 .layout5 .rt-holder .overlay, #rt-tpg-container-4126970914 .isotope2 .rt-holder .overlay, #rt-tpg-container-4126970914 .carousel2 .rt-holder .overlay,#rt-tpg-container-4126970914 .layout15 .rt-holder h3, #rt-tpg-container-4126970914 .isotope11 .rt-holder h3, #rt-tpg-container-4126970914 .carousel11 .rt-holder h3, #rt-tpg-container-4126970914 .layout16 .rt-holder h3,\n\t\t\t\t\t#rt-tpg-container-4126970914 .isotope12 .rt-holder h3, #rt-tpg-container-4126970914 .carousel12 .rt-holder h3 {background-color:rgba(3,103,191,0.8);}#rt-tpg-container-4126970914 .read-more a{border-radius:px;}#rt-tpg-container-4126970914 .rt-img-holder img.rt-img-responsive,#rt-tpg-container-4126970914 .rt-img-holder,\n\t\t\t\t\t#rt-tpg-container-4126970914 .rt-post-overlay .post-img,\n\t\t\t\t\t#rt-tpg-container-4126970914 .post-sm .post-img,\n\t\t\t\t\t#rt-tpg-container-4126970914 .rt-post-grid .post-img,\n\t\t\t\t\t#rt-tpg-container-4126970914 .post-img img {border-radius:px;}<\/style><div class='rt-container-fluid rt-tpg-container tpg-shortcode-main-wrapper ' id='rt-tpg-container-4126970914'   data-layout='layout2' data-grid-style='even' data-desktop-col='1'  data-tab-col='2'  data-mobile-col='1' data-sc-id='494'><div data-title='Loading ...' class='rt-row rt-content-loader   layout2 tpg-even '><div class=\"rt-col-md-12 rt-col-sm-6 rt-col-xs-12 even-grid-item rt-grid-item\" data-id=\"1630\"><div class=\"rt-holder\"><div class=\"rt-row\"><div class='rt-col-xs-12'><div class='rt-detail'><h3 class=\"entry-title\"><a data-id=\"1630\" class=\" disabled\" href=\"https:\/\/js-jarocin.pl\/index.php\/2022\/07\/27\/ogloszenie-o-przetargu-34\/\">OG\u0141OSZENIE O PRZETARGU<\/a><\/h3><div class='post-meta-user '><span class='date-meta'>2022-07-27<\/span><\/div><div class='tpg-excerpt'><p><\/p>\n<p style=\"text-align: center\"><strong>Wykonanie, dostawa i monta\u017c szafek dla klient\u00f3w lodowiska w Centrum Sportowo \u2013 Rekreacyjnym w Jarocinie<\/p>\n<p>Numer post\u0119powania JS\/ZP\/7\/2021<\/p>\n<p>Szanowni Pa\u0144stwo,<br \/>\nInformujemy, \u017ce w Jarocin Sport Sp. z o.o. w Jarocinie  post\u0119powania o udzielenie zam\u00f3wie\u0144 publicznych o warto\u015bci r\u00f3wnej lub przekraczaj\u0105cej kwoty okre\u015blone w przepisach wydanych na podstawie art. 11 ust. 8 ustawy Prawo zam\u00f3wie\u0144 publicznych prowadzone s\u0105 z wykorzystaniem platformy zakupowej.<br \/>\nWychodz\u0105c naprzeciw oczekiwaniom rynku postanowili\u015bmy wdro\u017cy\u0107 Platform\u0119 Marketplanet e-Zamawiaj\u0105cy, kt\u00f3ra b\u0119dzie podstawowym narz\u0119dziem kt\u00f3re umo\u017cliwi Pa\u0144stwu sk\u0142adanie ofert na drodze elektronicznej. Oznacza to, mo\u017cliwo\u015b\u0107 prowadzenia post\u0119powa\u0144 o udzielenie zam\u00f3wienia publicznego w spos\u00f3b elektroniczny, gwarantuj\u0105cy zachowanie pe\u0142nej poufno\u015bci oraz najwy\u017cszych standard\u00f3w bezpiecze\u0144stwa przekazu danych.<br \/>\nW przypadku pyta\u0144 prosimy o skorzystanie z pomocy Centrum Wsparcia Klienta Info Marketplanet, kt\u00f3re udziela wszelkich informacji zwi\u0105zanych z procesem sk\u0142adania ofert, rejestracji czy innych aspekt\u00f3w technicznych, platformy, dost\u0119pne codziennie od poniedzia\u0142ku do pi\u0105tku w godz. 9:00 do 17:00 pod nr tel. 22 576 87 90 lub oneplace@marketplanet.pl gdzie otrzymacie Pa\u0144stwo pe\u0142ne i profesjonalne wsparcie.<br \/>\nWej\u015bcie na platform\u0119 poprzez link:<br \/>\nhttps:\/\/jarocin.ezamawiajacy.pl\/pn\/jarocin\/demand\/notice\/public\/42310\/details  <\/p>\n<p>Wszystkie post\u0119powania o udzielenie zam\u00f3wie\u0144 publicznych b\u0119d\u0105 publikowane powy\u017cej.<br \/>\nW zwi\u0105zku z powy\u017cszym prosimy o \u015bledzenie zar\u00f3wno platformy e-zamawiaj\u0105cy i strony internetowej<br \/>\nwww.jarocinsport.pl<\/strong><\/p>\n<p><\/p>\n<\/div><\/div><\/div><\/div><\/div><\/div><div class=\"rt-col-md-12 rt-col-sm-6 rt-col-xs-12 even-grid-item rt-grid-item\" data-id=\"1628\"><div class=\"rt-holder\"><div class=\"rt-row\"><div class='rt-col-xs-12'><div class='rt-detail'><h3 class=\"entry-title\"><a data-id=\"1628\" class=\" disabled\" href=\"https:\/\/js-jarocin.pl\/index.php\/2022\/07\/27\/ogloszenie-o-przetargu-33\/\">OG\u0141OSZENIE O PRZETARGU<\/a><\/h3><div class='post-meta-user '><span class='date-meta'>2022-07-27<\/span><\/div><div class='tpg-excerpt'><p><\/p>\n<p style=\"text-align: center\"><strong>Dostawa i monta\u017c wyposa\u017cenia gastronomicznego do pomieszcze\u0144 Centrum Sportowo \u2013 Rekreacyjnego w Jarocinie<\/p>\n<p>Numer post\u0119powania JS\/ZP\/8\/2021<\/p>\n<p>Szanowni Pa\u0144stwo,<br \/>\nInformujemy, \u017ce w Jarocin Sport Sp. z o.o. w Jarocinie  post\u0119powania o udzielenie zam\u00f3wie\u0144 publicznych o warto\u015bci r\u00f3wnej lub przekraczaj\u0105cej kwoty okre\u015blone w przepisach wydanych na podstawie art. 11 ust. 8 ustawy Prawo zam\u00f3wie\u0144 publicznych prowadzone s\u0105 z wykorzystaniem platformy zakupowej.<br \/>\nWychodz\u0105c naprzeciw oczekiwaniom rynku postanowili\u015bmy wdro\u017cy\u0107 Platform\u0119 Marketplanet e-Zamawiaj\u0105cy, kt\u00f3ra b\u0119dzie podstawowym narz\u0119dziem kt\u00f3re umo\u017cliwi Pa\u0144stwu sk\u0142adanie ofert na drodze elektronicznej. Oznacza to, mo\u017cliwo\u015b\u0107 prowadzenia post\u0119powa\u0144 o udzielenie zam\u00f3wienia publicznego w spos\u00f3b elektroniczny, gwarantuj\u0105cy zachowanie pe\u0142nej poufno\u015bci oraz najwy\u017cszych standard\u00f3w bezpiecze\u0144stwa przekazu danych.<br \/>\nW przypadku pyta\u0144 prosimy o skorzystanie z pomocy Centrum Wsparcia Klienta Info Marketplanet, kt\u00f3re udziela wszelkich informacji zwi\u0105zanych z procesem sk\u0142adania ofert, rejestracji czy innych aspekt\u00f3w technicznych, platformy, dost\u0119pne codziennie od poniedzia\u0142ku do pi\u0105tku w godz. 9:00 do 17:00 pod nr tel. 22 576 87 90 lub oneplace@marketplanet.pl gdzie otrzymacie Pa\u0144stwo pe\u0142ne i profesjonalne wsparcie.<br \/>\nWej\u015bcie na platform\u0119 poprzez link:<\/p>\n<p>https:\/\/jarocin.ezamawiajacy.pl\/pn\/jarocin\/demand\/notice\/public\/42287\/details<\/p>\n<p>Wszystkie post\u0119powania o udzielenie zam\u00f3wie\u0144 publicznych b\u0119d\u0105 publikowane powy\u017cej.<br \/>\nW zwi\u0105zku z powy\u017cszym prosimy o \u015bledzenie zar\u00f3wno platformy e-zamawiaj\u0105cy i strony internetowej<br \/>\nwww.jarocinsport.pl<\/strong><\/p>\n<p><\/p>\n<\/div><\/div><\/div><\/div><\/div><\/div><div class=\"rt-col-md-12 rt-col-sm-6 rt-col-xs-12 even-grid-item rt-grid-item\" data-id=\"1626\"><div class=\"rt-holder\"><div class=\"rt-row\"><div class='rt-col-xs-12'><div class='rt-detail'><h3 class=\"entry-title\"><a data-id=\"1626\" class=\" disabled\" href=\"https:\/\/js-jarocin.pl\/index.php\/2022\/07\/27\/ogloszenie-o-przetargu-32\/\">OG\u0141OSZENIE O PRZETARGU<\/a><\/h3><div class='post-meta-user '><span class='date-meta'>2022-07-27<\/span><\/div><div class='tpg-excerpt'><p><\/p>\n<p style=\"text-align: center\"><strong>Dostawa i monta\u017c wyposa\u017cenia gastronomicznego do pomieszcze\u0144 Centrum Sportowo \u2013 Rekreacyjnego w Jarocinie<\/p>\n<p>Numer post\u0119powania JS\/ZP\/6\/2021<\/p>\n<p>Szanowni Pa\u0144stwo,<br \/>\nInformujemy, \u017ce w Jarocin Sport Sp. z o.o. w Jarocinie  post\u0119powania o udzielenie zam\u00f3wie\u0144 publicznych o warto\u015bci r\u00f3wnej lub przekraczaj\u0105cej kwoty okre\u015blone w przepisach wydanych na podstawie art. 11 ust. 8 ustawy Prawo zam\u00f3wie\u0144 publicznych prowadzone s\u0105 z wykorzystaniem platformy zakupowej.<br \/>\nWychodz\u0105c naprzeciw oczekiwaniom rynku postanowili\u015bmy wdro\u017cy\u0107 Platform\u0119 Marketplanet e-Zamawiaj\u0105cy, kt\u00f3ra b\u0119dzie podstawowym narz\u0119dziem kt\u00f3re umo\u017cliwi Pa\u0144stwu sk\u0142adanie ofert na drodze elektronicznej. Oznacza to, mo\u017cliwo\u015b\u0107 prowadzenia post\u0119powa\u0144 o udzielenie zam\u00f3wienia publicznego w spos\u00f3b elektroniczny, gwarantuj\u0105cy zachowanie pe\u0142nej poufno\u015bci oraz najwy\u017cszych standard\u00f3w bezpiecze\u0144stwa przekazu danych.<br \/>\nW przypadku pyta\u0144 prosimy o skorzystanie z pomocy Centrum Wsparcia Klienta Info Marketplanet, kt\u00f3re udziela wszelkich informacji zwi\u0105zanych z procesem sk\u0142adania ofert, rejestracji czy innych aspekt\u00f3w technicznych, platformy, dost\u0119pne codziennie od poniedzia\u0142ku do pi\u0105tku w godz. 9:00 do 17:00 pod nr tel. 22 576 87 90 lub oneplace@marketplanet.pl gdzie otrzymacie Pa\u0144stwo pe\u0142ne i profesjonalne wsparcie.<br \/>\nWej\u015bcie na platform\u0119 poprzez link:<\/p>\n<p>https:\/\/jarocin.ezamawiajacy.pl\/pn\/jarocin\/demand\/notice\/public\/38521\/details<\/p>\n<p>Wszystkie post\u0119powania o udzielenie zam\u00f3wie\u0144 publicznych b\u0119d\u0105 publikowane powy\u017cej.<br \/>\nW zwi\u0105zku z powy\u017cszym prosimy o \u015bledzenie zar\u00f3wno platformy e-zamawiaj\u0105cy i strony internetowej<br \/>\nwww.jarocinsport.pl<\/strong><\/p>\n<p><\/p>\n<\/div><\/div><\/div><\/div><\/div><\/div><div class=\"rt-col-md-12 rt-col-sm-6 rt-col-xs-12 even-grid-item rt-grid-item\" data-id=\"1624\"><div class=\"rt-holder\"><div class=\"rt-row\"><div class='rt-col-xs-12'><div class='rt-detail'><h3 class=\"entry-title\"><a data-id=\"1624\" class=\" disabled\" href=\"https:\/\/js-jarocin.pl\/index.php\/2022\/07\/27\/ogloszenie-o-przetargu-31\/\">OG\u0141OSZENIE O PRZETARGU<\/a><\/h3><div class='post-meta-user '><span class='date-meta'>2022-07-27<\/span><\/div><div class='tpg-excerpt'><p><\/p>\n<p style=\"text-align: center\"><strong>DOSTAWA I MONTA\u017b WYPOSA\u017bENIA GASTRONOMICZNEGO DO POMIESZCZE\u0143 CENTRUM SPORTOWO \u2013 REKREACYJNEGO W JAROCINIE<br \/>\nNr post\u0119powania: JS\/ZP\/5\/2021<\/p>\n<p>Szanowni Pa\u0144stwo,<\/p>\n<p>Informujemy, \u017ce w Jarocin Sport Sp. z o.o. w Jarocinie  post\u0119powania o udzielenie zam\u00f3wie\u0144 publicznych o warto\u015bci r\u00f3wnej lub przekraczaj\u0105cej kwoty okre\u015blone w przepisach wydanych na podstawie art. 11 ust. 8 ustawy Prawo zam\u00f3wie\u0144 publicznych prowadzone s\u0105 z wykorzystaniem platformy zakupowej.<\/p>\n<p>Wychodz\u0105c naprzeciw oczekiwaniom rynku postanowili\u015bmy wdro\u017cy\u0107 Platform\u0119 Marketplanet e-Zamawiaj\u0105cy, kt\u00f3ra b\u0119dzie podstawowym narz\u0119dziem kt\u00f3re umo\u017cliwi Pa\u0144stwu sk\u0142adanie ofert na drodze elektronicznej. Oznacza to, mo\u017cliwo\u015b\u0107 prowadzenia post\u0119powa\u0144 o udzielenie zam\u00f3wienia publicznego w spos\u00f3b elektroniczny, gwarantuj\u0105cy zachowanie pe\u0142nej poufno\u015bci oraz najwy\u017cszych standard\u00f3w bezpiecze\u0144stwa przekazu danych.<\/p>\n<p>W przypadku pyta\u0144 prosimy o skorzystanie z pomocy Centrum Wsparcia Klienta Info Marketplanet, kt\u00f3re udziela wszelkich informacji zwi\u0105zanych z procesem sk\u0142adania ofert, rejestracji czy innych aspekt\u00f3w technicznych, platformy, dost\u0119pne codziennie od poniedzia\u0142ku do pi\u0105tku w godz. 9:00 do 17:00 pod nr tel. 22 576 87 90 lub oneplace@marketplanet.pl gdzie otrzymacie Pa\u0144stwo pe\u0142ne i profesjonalne wsparcie.<\/p>\n<p>Wej\u015bcie na platform\u0119 poprzez link:<\/p>\n<p>https:\/\/jarocin.ezamawiajacy.pl\/pn\/jarocin\/demand\/notice\/public\/37102\/details<\/p>\n<p>Wszystkie post\u0119powania o udzielenie zam\u00f3wie\u0144 publicznych b\u0119d\u0105 publikowane powy\u017cej.<\/p>\n<p>W zwi\u0105zku z powy\u017cszym prosimy o \u015bledzenie zar\u00f3wno platformy e-zamawiaj\u0105cy i strony internetowej <\/p>\n<p>www.jarocinsport.pl<\/strong><\/p>\n<p><\/p>\n<\/div><\/div><\/div><\/div><\/div><\/div><div class=\"rt-col-md-12 rt-col-sm-6 rt-col-xs-12 even-grid-item rt-grid-item\" data-id=\"1622\"><div class=\"rt-holder\"><div class=\"rt-row\"><div class='rt-col-xs-12'><div class='rt-detail'><h3 class=\"entry-title\"><a data-id=\"1622\" class=\" disabled\" href=\"https:\/\/js-jarocin.pl\/index.php\/2022\/07\/27\/ogloszenie-o-przetargu-30\/\">OG\u0141OSZENIE O PRZETARGU<\/a><\/h3><div class='post-meta-user '><span class='date-meta'>2022-07-27<\/span><\/div><div class='tpg-excerpt'><p><\/p>\n<p style=\"text-align: center\"><strong>Dostawa i monta\u017c wyposa\u017cenia gastronomicznego do pomieszcze\u0144 Centrum Sportowo \u2013 Rekreacyjnego w Jarocinie<\/p>\n<p>Numer post\u0119powania JS\/ZP\/4\/2021<\/p>\n<p>Szanowni Pa\u0144stwo,<br \/>\nInformujemy, \u017ce w Jarocin Sport Sp. z o.o. w Jarocinie  post\u0119powania o udzielenie zam\u00f3wie\u0144 publicznych o warto\u015bci r\u00f3wnej lub przekraczaj\u0105cej kwoty okre\u015blone w przepisach wydanych na podstawie art. 11 ust. 8 ustawy Prawo zam\u00f3wie\u0144 publicznych prowadzone s\u0105 z wykorzystaniem platformy zakupowej.<br \/>\nWychodz\u0105c naprzeciw oczekiwaniom rynku postanowili\u015bmy wdro\u017cy\u0107 Platform\u0119 Marketplanet e-Zamawiaj\u0105cy, kt\u00f3ra b\u0119dzie podstawowym narz\u0119dziem kt\u00f3re umo\u017cliwi Pa\u0144stwu sk\u0142adanie ofert na drodze elektronicznej. Oznacza to, mo\u017cliwo\u015b\u0107 prowadzenia post\u0119powa\u0144 o udzielenie zam\u00f3wienia publicznego w spos\u00f3b elektroniczny, gwarantuj\u0105cy zachowanie pe\u0142nej poufno\u015bci oraz najwy\u017cszych standard\u00f3w bezpiecze\u0144stwa przekazu danych.<br \/>\nW przypadku pyta\u0144 prosimy o skorzystanie z pomocy Centrum Wsparcia Klienta Info Marketplanet, kt\u00f3re udziela wszelkich informacji zwi\u0105zanych z procesem sk\u0142adania ofert, rejestracji czy innych aspekt\u00f3w technicznych, platformy, dost\u0119pne codziennie od poniedzia\u0142ku do pi\u0105tku w godz. 9:00 do 17:00 pod nr tel. 22 576 87 90 lub oneplace@marketplanet.pl gdzie otrzymacie Pa\u0144stwo pe\u0142ne i profesjonalne wsparcie.<br \/>\nWej\u015bcie na platform\u0119 poprzez link:<\/p>\n<p>https:\/\/jarocin.ezamawiajacy.pl\/pn\/jarocin\/demand\/notice\/public\/35936\/details<\/p>\n<p>Wszystkie post\u0119powania o udzielenie zam\u00f3wie\u0144 publicznych b\u0119d\u0105 publikowane powy\u017cej.<br \/>\nW zwi\u0105zku z powy\u017cszym prosimy o \u015bledzenie zar\u00f3wno platformy e-zamawiaj\u0105cy i strony internetowej<br \/>\nwww.jarocinsport.pl<\/strong><\/p>\n<p><\/p>\n<\/div><\/div><\/div><\/div><\/div><\/div><\/div><\/div><\/div>\n\t\t\t\t\t\t<\/div>\n\t\t\t\t<\/div>\n\t\t\t\t\t<\/div>\n\t\t<\/div>\n\t\t\t\t\t<\/div>\n\t\t<\/section>\n\t\t\t\t<\/div>\n\t\t","protected":false},"excerpt":{"rendered":"<p>PRZETARGI 2020 i 2021<\/p>\n","protected":false},"author":2,"featured_media":0,"parent":0,"menu_order":0,"comment_status":"closed","ping_status":"closed","template":"","meta":{"site-sidebar-layout":"no-sidebar","site-content-layout":"page-builder","ast-site-content-layout":"default","site-content-style":"default","site-sidebar-style":"default","ast-global-header-display":"","ast-banner-title-visibility":"","ast-main-header-display":"","ast-hfb-above-header-display":"","ast-hfb-below-header-display":"","ast-hfb-mobile-header-display":"","site-post-title":"disabled","ast-breadcrumbs-content":"","ast-featured-img":"disabled","footer-sml-layout":"","ast-disable-related-posts":"","theme-transparent-header-meta":"","adv-header-id-meta":"","stick-header-meta":"","header-above-stick-meta":"","header-main-stick-meta":"","header-below-stick-meta":"","astra-migrate-meta-layouts":"default","ast-page-background-enabled":"default","ast-page-background-meta":{"desktop":{"background-color":"var(--ast-global-color-4)","background-image":"","background-repeat":"repeat","background-position":"center center","background-size":"auto","background-attachment":"scroll","background-type":"","background-media":"","overlay-type":"","overlay-color":"","overlay-opacity":"","overlay-gradient":""},"tablet":{"background-color":"","background-image":"","background-repeat":"repeat","background-position":"center center","background-size":"auto","background-attachment":"scroll","background-type":"","background-media":"","overlay-type":"","overlay-color":"","overlay-opacity":"","overlay-gradient":""},"mobile":{"background-color":"","background-image":"","background-repeat":"repeat","background-position":"center center","background-size":"auto","background-attachment":"scroll","background-type":"","background-media":"","overlay-type":"","overlay-color":"","overlay-opacity":"","overlay-gradient":""}},"ast-content-background-meta":{"desktop":{"background-color":"var(--ast-global-color-5)","background-image":"","background-repeat":"repeat","background-position":"center center","background-size":"auto","background-attachment":"scroll","background-type":"","background-media":"","overlay-type":"","overlay-color":"","overlay-opacity":"","overlay-gradient":""},"tablet":{"background-color":"var(--ast-global-color-5)","background-image":"","background-repeat":"repeat","background-position":"center center","background-size":"auto","background-attachment":"scroll","background-type":"","background-media":"","overlay-type":"","overlay-color":"","overlay-opacity":"","overlay-gradient":""},"mobile":{"background-color":"var(--ast-global-color-5)","background-image":"","background-repeat":"repeat","background-position":"center center","background-size":"auto","background-attachment":"scroll","background-type":"","background-media":"","overlay-type":"","overlay-color":"","overlay-opacity":"","overlay-gradient":""}},"footnotes":""},"class_list":["post-475","page","type-page","status-publish","hentry"],"yoast_head":"<!-- This site is optimized with the Yoast SEO plugin v27.4 - https:\/\/yoast.com\/product\/yoast-seo-wordpress\/ -->\n<title>Przetargi 2020 i 2021 - Jarocin-sport.com.pl<\/title>\n<meta name=\"robots\" content=\"index, follow, max-snippet:-1, max-image-preview:large, max-video-preview:-1\" \/>\n<link rel=\"canonical\" href=\"https:\/\/js-jarocin.pl\/index.php\/przetargi\/\" \/>\n<meta property=\"og:locale\" content=\"pl_PL\" \/>\n<meta property=\"og:type\" content=\"article\" \/>\n<meta property=\"og:title\" content=\"Przetargi 2020 i 2021 - Jarocin-sport.com.pl\" \/>\n<meta property=\"og:description\" content=\"PRZETARGI 2020 i 2021\" \/>\n<meta property=\"og:url\" content=\"https:\/\/js-jarocin.pl\/index.php\/przetargi\/\" \/>\n<meta property=\"og:site_name\" content=\"Jarocin-sport.com.pl\" \/>\n<meta property=\"article:modified_time\" content=\"2022-07-13T10:22:55+00:00\" \/>\n<meta name=\"twitter:card\" content=\"summary_large_image\" \/>\n<meta name=\"twitter:label1\" content=\"Szacowany czas czytania\" \/>\n\t<meta name=\"twitter:data1\" content=\"1 minuta\" \/>\n<script type=\"application\/ld+json\" class=\"yoast-schema-graph\">{\"@context\":\"https:\\\/\\\/schema.org\",\"@graph\":[{\"@type\":\"WebPage\",\"@id\":\"https:\\\/\\\/js-jarocin.pl\\\/index.php\\\/przetargi\\\/\",\"url\":\"https:\\\/\\\/js-jarocin.pl\\\/index.php\\\/przetargi\\\/\",\"name\":\"Przetargi 2020 i 2021 - Jarocin-sport.com.pl\",\"isPartOf\":{\"@id\":\"https:\\\/\\\/js-jarocin.pl\\\/#website\"},\"datePublished\":\"2022-07-13T08:06:54+00:00\",\"dateModified\":\"2022-07-13T10:22:55+00:00\",\"breadcrumb\":{\"@id\":\"https:\\\/\\\/js-jarocin.pl\\\/index.php\\\/przetargi\\\/#breadcrumb\"},\"inLanguage\":\"pl-PL\",\"potentialAction\":[{\"@type\":\"ReadAction\",\"target\":[\"https:\\\/\\\/js-jarocin.pl\\\/index.php\\\/przetargi\\\/\"]}]},{\"@type\":\"BreadcrumbList\",\"@id\":\"https:\\\/\\\/js-jarocin.pl\\\/index.php\\\/przetargi\\\/#breadcrumb\",\"itemListElement\":[{\"@type\":\"ListItem\",\"position\":1,\"name\":\"Home\",\"item\":\"https:\\\/\\\/js-jarocin.pl\\\/\"},{\"@type\":\"ListItem\",\"position\":2,\"name\":\"Przetargi 2020 i 2021\"}]},{\"@type\":\"WebSite\",\"@id\":\"https:\\\/\\\/js-jarocin.pl\\\/#website\",\"url\":\"https:\\\/\\\/js-jarocin.pl\\\/\",\"name\":\"Jarocin-sport.com.pl\",\"description\":\"Jarocin-sport\",\"potentialAction\":[{\"@type\":\"SearchAction\",\"target\":{\"@type\":\"EntryPoint\",\"urlTemplate\":\"https:\\\/\\\/js-jarocin.pl\\\/?s={search_term_string}\"},\"query-input\":{\"@type\":\"PropertyValueSpecification\",\"valueRequired\":true,\"valueName\":\"search_term_string\"}}],\"inLanguage\":\"pl-PL\"}]}<\/script>\n<!-- \/ Yoast SEO plugin. -->","yoast_head_json":{"title":"Przetargi 2020 i 2021 - Jarocin-sport.com.pl","robots":{"index":"index","follow":"follow","max-snippet":"max-snippet:-1","max-image-preview":"max-image-preview:large","max-video-preview":"max-video-preview:-1"},"canonical":"https:\/\/js-jarocin.pl\/index.php\/przetargi\/","og_locale":"pl_PL","og_type":"article","og_title":"Przetargi 2020 i 2021 - Jarocin-sport.com.pl","og_description":"PRZETARGI 2020 i 2021","og_url":"https:\/\/js-jarocin.pl\/index.php\/przetargi\/","og_site_name":"Jarocin-sport.com.pl","article_modified_time":"2022-07-13T10:22:55+00:00","twitter_card":"summary_large_image","twitter_misc":{"Szacowany czas czytania":"1 minuta"},"schema":{"@context":"https:\/\/schema.org","@graph":[{"@type":"WebPage","@id":"https:\/\/js-jarocin.pl\/index.php\/przetargi\/","url":"https:\/\/js-jarocin.pl\/index.php\/przetargi\/","name":"Przetargi 2020 i 2021 - Jarocin-sport.com.pl","isPartOf":{"@id":"https:\/\/js-jarocin.pl\/#website"},"datePublished":"2022-07-13T08:06:54+00:00","dateModified":"2022-07-13T10:22:55+00:00","breadcrumb":{"@id":"https:\/\/js-jarocin.pl\/index.php\/przetargi\/#breadcrumb"},"inLanguage":"pl-PL","potentialAction":[{"@type":"ReadAction","target":["https:\/\/js-jarocin.pl\/index.php\/przetargi\/"]}]},{"@type":"BreadcrumbList","@id":"https:\/\/js-jarocin.pl\/index.php\/przetargi\/#breadcrumb","itemListElement":[{"@type":"ListItem","position":1,"name":"Home","item":"https:\/\/js-jarocin.pl\/"},{"@type":"ListItem","position":2,"name":"Przetargi 2020 i 2021"}]},{"@type":"WebSite","@id":"https:\/\/js-jarocin.pl\/#website","url":"https:\/\/js-jarocin.pl\/","name":"Jarocin-sport.com.pl","description":"Jarocin-sport","potentialAction":[{"@type":"SearchAction","target":{"@type":"EntryPoint","urlTemplate":"https:\/\/js-jarocin.pl\/?s={search_term_string}"},"query-input":{"@type":"PropertyValueSpecification","valueRequired":true,"valueName":"search_term_string"}}],"inLanguage":"pl-PL"}]}},"rttpg_featured_image_url":null,"rttpg_author":{"display_name":"serwis","author_link":"https:\/\/js-jarocin.pl\/index.php\/author\/serwis\/"},"rttpg_comment":0,"rttpg_category":"","rttpg_excerpt":"PRZETARGI 2020 i 2021","_links":{"self":[{"href":"https:\/\/js-jarocin.pl\/index.php\/wp-json\/wp\/v2\/pages\/475","targetHints":{"allow":["GET"]}}],"collection":[{"href":"https:\/\/js-jarocin.pl\/index.php\/wp-json\/wp\/v2\/pages"}],"about":[{"href":"https:\/\/js-jarocin.pl\/index.php\/wp-json\/wp\/v2\/types\/page"}],"author":[{"embeddable":true,"href":"https:\/\/js-jarocin.pl\/index.php\/wp-json\/wp\/v2\/users\/2"}],"replies":[{"embeddable":true,"href":"https:\/\/js-jarocin.pl\/index.php\/wp-json\/wp\/v2\/comments?post=475"}],"version-history":[{"count":15,"href":"https:\/\/js-jarocin.pl\/index.php\/wp-json\/wp\/v2\/pages\/475\/revisions"}],"predecessor-version":[{"id":521,"href":"https:\/\/js-jarocin.pl\/index.php\/wp-json\/wp\/v2\/pages\/475\/revisions\/521"}],"wp:attachment":[{"href":"https:\/\/js-jarocin.pl\/index.php\/wp-json\/wp\/v2\/media?parent=475"}],"curies":[{"name":"wp","href":"https:\/\/api.w.org\/{rel}","templated":true}]}}