{"id":516,"date":"2022-07-13T12:21:06","date_gmt":"2022-07-13T10:21:06","guid":{"rendered":"https:\/\/info-omer.home.pl\/autoinstalator\/wordpressplugins20\/?page_id=516"},"modified":"2022-07-26T13:22:30","modified_gmt":"2022-07-26T11:22:30","slug":"przetargi-2019","status":"publish","type":"page","link":"https:\/\/js-jarocin.pl\/index.php\/przetargi-2019\/","title":{"rendered":"Przetargi 2019"},"content":{"rendered":"\t\t<div data-elementor-type=\"wp-page\" data-elementor-id=\"516\" class=\"elementor elementor-516\">\n\t\t\t\t\t\t<section class=\"elementor-section elementor-top-section elementor-element elementor-element-d2867bb elementor-section-boxed elementor-section-height-default elementor-section-height-default\" data-id=\"d2867bb\" data-element_type=\"section\" data-e-type=\"section\">\n\t\t\t\t\t\t<div class=\"elementor-container elementor-column-gap-default\">\n\t\t\t\t\t<div class=\"elementor-column elementor-col-100 elementor-top-column elementor-element elementor-element-3974d84\" data-id=\"3974d84\" data-element_type=\"column\" data-e-type=\"column\">\n\t\t\t<div class=\"elementor-widget-wrap elementor-element-populated\">\n\t\t\t\t\t\t<div class=\"elementor-element elementor-element-d4ac9e7 elementor-widget elementor-widget-spacer\" data-id=\"d4ac9e7\" data-element_type=\"widget\" data-e-type=\"widget\" data-widget_type=\"spacer.default\">\n\t\t\t\t<div class=\"elementor-widget-container\">\n\t\t\t\t\t\t\t<div class=\"elementor-spacer\">\n\t\t\t<div class=\"elementor-spacer-inner\"><\/div>\n\t\t<\/div>\n\t\t\t\t\t\t<\/div>\n\t\t\t\t<\/div>\n\t\t\t\t<div class=\"elementor-element elementor-element-77c2f53 elementor-widget elementor-widget-heading\" data-id=\"77c2f53\" data-element_type=\"widget\" data-e-type=\"widget\" data-widget_type=\"heading.default\">\n\t\t\t\t<div class=\"elementor-widget-container\">\n\t\t\t\t\t<h2 class=\"elementor-heading-title elementor-size-xxl\">PRZETARGI 2019<\/h2>\t\t\t\t<\/div>\n\t\t\t\t<\/div>\n\t\t\t\t\t<\/div>\n\t\t<\/div>\n\t\t\t\t\t<\/div>\n\t\t<\/section>\n\t\t\t\t<section class=\"elementor-section elementor-top-section elementor-element elementor-element-13bce47 elementor-section-content-middle elementor-section-boxed elementor-section-height-default elementor-section-height-default\" data-id=\"13bce47\" data-element_type=\"section\" data-e-type=\"section\">\n\t\t\t\t\t\t<div class=\"elementor-container elementor-column-gap-default\">\n\t\t\t\t\t<div class=\"elementor-column elementor-col-50 elementor-top-column elementor-element elementor-element-c756e31\" data-id=\"c756e31\" data-element_type=\"column\" data-e-type=\"column\">\n\t\t\t<div class=\"elementor-widget-wrap\">\n\t\t\t\t\t\t\t<\/div>\n\t\t<\/div>\n\t\t\t\t<div class=\"elementor-column elementor-col-50 elementor-top-column elementor-element elementor-element-c8c4dc3\" data-id=\"c8c4dc3\" data-element_type=\"column\" data-e-type=\"column\">\n\t\t\t<div class=\"elementor-widget-wrap elementor-element-populated\">\n\t\t\t\t\t\t<div class=\"elementor-element elementor-element-ddbc57a elementor-widget elementor-widget-shortcode\" data-id=\"ddbc57a\" data-element_type=\"widget\" data-e-type=\"widget\" data-widget_type=\"shortcode.default\">\n\t\t\t\t<div class=\"elementor-widget-container\">\n\t\t\t\t\t\t\t<div class=\"elementor-shortcode\"><style type='text\/css' media='all'>#rt-tpg-container-3444779421 .rt-holder .rt-woo-info .price{color:#0367bf;}body .rt-tpg-container .rt-tpg-isotope-buttons .selected,\n\t\t\t\t\t#rt-tpg-container-3444779421 .layout12 .rt-holder:hover .rt-detail,\n\t\t\t\t\t#rt-tpg-container-3444779421 .isotope8 .rt-holder:hover .rt-detail,\n\t\t\t\t\t#rt-tpg-container-3444779421 .carousel8 .rt-holder:hover .rt-detail,\n\t\t\t\t\t#rt-tpg-container-3444779421 .layout13 .rt-holder .overlay .post-info,\n\t\t\t\t\t#rt-tpg-container-3444779421 .isotope9 .rt-holder .overlay .post-info,\n\t\t\t\t\t#rt-tpg-container-3444779421.rt-tpg-container .layout4 .rt-holder .rt-detail,\n\t\t\t\t\t.rt-modal-3444779421 .md-content,\n\t\t\t\t\t.rt-modal-3444779421 .md-content > .rt-md-content-holder .rt-md-content,\n\t\t\t\t\t.rt-popup-wrap-3444779421.rt-popup-wrap .rt-popup-navigation-wrap,\n\t\t\t\t\t#rt-tpg-container-3444779421 .carousel9 .rt-holder .overlay .post-info{background-color:#0367bf;}#rt-tpg-container-3444779421 .layout5 .rt-holder .overlay, #rt-tpg-container-3444779421 .isotope2 .rt-holder .overlay, #rt-tpg-container-3444779421 .carousel2 .rt-holder .overlay,#rt-tpg-container-3444779421 .layout15 .rt-holder h3, #rt-tpg-container-3444779421 .isotope11 .rt-holder h3, #rt-tpg-container-3444779421 .carousel11 .rt-holder h3, #rt-tpg-container-3444779421 .layout16 .rt-holder h3,\n\t\t\t\t\t#rt-tpg-container-3444779421 .isotope12 .rt-holder h3, #rt-tpg-container-3444779421 .carousel12 .rt-holder h3 {background-color:rgba(3,103,191,0.8);}#rt-tpg-container-3444779421 .read-more a{border-radius:px;}#rt-tpg-container-3444779421 .rt-img-holder img.rt-img-responsive,#rt-tpg-container-3444779421 .rt-img-holder,\n\t\t\t\t\t#rt-tpg-container-3444779421 .rt-post-overlay .post-img,\n\t\t\t\t\t#rt-tpg-container-3444779421 .post-sm .post-img,\n\t\t\t\t\t#rt-tpg-container-3444779421 .rt-post-grid .post-img,\n\t\t\t\t\t#rt-tpg-container-3444779421 .post-img img {border-radius:px;}<\/style><div class='rt-container-fluid rt-tpg-container tpg-shortcode-main-wrapper ' id='rt-tpg-container-3444779421'   data-layout='layout2' data-grid-style='even' data-desktop-col='1'  data-tab-col='2'  data-mobile-col='1' data-sc-id='522'><div data-title='Loading ...' class='rt-row rt-content-loader   layout2 tpg-even '><div class=\"rt-col-md-12 rt-col-sm-6 rt-col-xs-12 even-grid-item rt-grid-item\" data-id=\"1593\"><div class=\"rt-holder\"><div class=\"rt-row\"><div class='rt-col-xs-12'><div class='rt-detail'><h3 class=\"entry-title\"><a data-id=\"1593\" class=\" disabled\" href=\"https:\/\/js-jarocin.pl\/index.php\/2022\/07\/27\/ogloszenie-o-przetargu-23\/\">OG\u0141OSZENIE O PRZETARGU<\/a><\/h3><div class='post-meta-user '><span class='date-meta'><i class='far fa-calendar-alt '><\/i>2022-07-27<\/span><\/div><div class='tpg-excerpt'><p><\/p>\n<p style=\"text-align: center\"><strong>OG\u0141OSZENIE POST\u0118POWANIA PRZETARGOWEGO<\/strong><\/br><br \/>\n\"Roboty budowlane polegaj\u0105ce na monta\u017cu paneli fotowoltaicznych realizowanych w ramach zadania: Poprawa efektywno\u015bci energetycznej w obiektach rekreacyjno - sportowych w Jarocinie - w ramach klastra Energia Jarocin.\"<\/br><br \/>\nTermin sk\u0142adania ofert 03-09-2020r., godz. 11:00<\/br><br \/>\n[<a href=\"http:\/\/info-omer.home.pl\/autoinstalator\/wordpressplugins20\/wp-content\/uploads\/2022\/07\/przetarg-panele-20.08.2020.zip\">Pobierz SIWZ<\/a>]<\/br><\/br><br \/>\nWyja\u015bnienia Zamawiaj\u0105cego, Zmiana SIWZ 28.08.2020r.<\/br><br \/>\n<strong>UWAGA !! Zmiana terminu sk\u0142adania ofert na 04.09.2020r. godz. 11:00<\/strong> [<a href=\"http:\/\/info-omer.home.pl\/autoinstalator\/wordpressplugins20\/wp-content\/uploads\/2022\/07\/Zmiana-SIWZ-28_08_2020-Panele.zip\">Pobierz<\/a>]<\/br><br \/>\nInformacja z otwarcia ofert 04.09.2020r. [<a href=\"http:\/\/info-omer.home.pl\/autoinstalator\/wordpressplugins20\/wp-content\/uploads\/2022\/07\/Informacja-z-otwarcia-ofert-04-09-2020.zip\">Pobierz<\/a>]<\/br><br \/>\nZawiadomienie o wyborze ofert [<a href=\"http:\/\/info-omer.home.pl\/autoinstalator\/wordpressplugins20\/wp-content\/uploads\/2022\/07\/zawiadomienie-18-09-2020.zip\">Pobierz<\/a>]<\/p>\n<p><\/p>\n<\/div><\/div><\/div><\/div><\/div><\/div><div class=\"rt-col-md-12 rt-col-sm-6 rt-col-xs-12 even-grid-item rt-grid-item\" data-id=\"1587\"><div class=\"rt-holder\"><div class=\"rt-row\"><div class='rt-col-xs-12'><div class='rt-detail'><h3 class=\"entry-title\"><a data-id=\"1587\" class=\" disabled\" href=\"https:\/\/js-jarocin.pl\/index.php\/2022\/07\/27\/ogloszenie-o-zamowieniu-publicznym\/\">OG\u0141OSZENIE O ZAM\u00d3WIENIU PUBLICZNYM<\/a><\/h3><div class='post-meta-user '><span class='date-meta'><i class='far fa-calendar-alt '><\/i>2022-07-27<\/span><\/div><div class='tpg-excerpt'><p><\/p>\n<p style=\"text-align: center\"><strong>OG\u0141OSZENIE O ZAM\u00d3WIENIU PUBLICZNYM<\/br><br \/>\nPrzetarg Nieograniczony dla zadania inwestycyjnego:<\/br><br \/>\n\"Budowa i przebudowa obiekt\u00f3w sportowo - rekreacyjnych sp\u00f3\u0142ki Jarocin Sport w Jarocinie - lodowisko, budynek socjalny, basen do nauki p\u0142ywania - zadanie inwestycyjne nr 1. Instalacja teletechniczna - etap 1\".<\/strong><\/br><br \/>\n[<a href=\"http:\/\/info-omer.home.pl\/autoinstalator\/wordpressplugins20\/wp-content\/uploads\/2022\/07\/przetarg-teletechnika-23-12-2019.zip\">Pobierz SIWZ<\/a>]<\/br><br \/>\n[<a href=\"http:\/\/info-omer.home.pl\/autoinstalator\/wordpressplugins20\/wp-content\/uploads\/2022\/07\/wyjasnienia-02.01.2020.zip\">Tre\u015b\u0107 zapyta\u0144 oraz wyja\u015bnienia dot. SIWZ 02.01.2020<\/a>]<\/br><br \/>\n[<a href=\"http:\/\/info-omer.home.pl\/autoinstalator\/wordpressplugins20\/wp-content\/uploads\/2022\/07\/informacja-z-otwarcia-ofert-07-01-2020.zip\">Informacja z otwarcia ofert 07.01.2020r.<\/a>]<\/br><br \/>\n[<a href=\"http:\/\/info-omer.home.pl\/autoinstalator\/wordpressplugins20\/wp-content\/uploads\/2022\/07\/ogloszenie-16-01-2020.zip\">Rozstrzygni\u0119cie post\u0119powania 16.01.2020r.<\/a>]<\/p>\n<p><\/p>\n<\/div><\/div><\/div><\/div><\/div><\/div><div class=\"rt-col-md-12 rt-col-sm-6 rt-col-xs-12 even-grid-item rt-grid-item\" data-id=\"1580\"><div class=\"rt-holder\"><div class=\"rt-row\"><div class='rt-col-xs-12'><div class='rt-detail'><h3 class=\"entry-title\"><a data-id=\"1580\" class=\" disabled\" href=\"https:\/\/js-jarocin.pl\/index.php\/2022\/07\/27\/ogloszenie-o-przetargu-22\/\">OG\u0141OSZENIE O PRZETARGU<\/a><\/h3><div class='post-meta-user '><span class='date-meta'><i class='far fa-calendar-alt '><\/i>2022-07-27<\/span><\/div><div class='tpg-excerpt'><p><\/p>\n<p style=\"text-align: center\"><strong>OG\u0141OSZENIE O POST\u0118POWANIU PRZETARGOWYM<\/strong><\/br>dla zadania \"Sprz\u0105tanie pomieszcze\u0144 i utrzymanie czysto\u015bci w Aquaparku w Jarocinie\"<\/br><br \/>\nDOKUMENTY<\/br><br \/>\n11.06.2019r.[<a href=\"http:\/\/info-omer.home.pl\/autoinstalator\/wordpressplugins20\/wp-content\/uploads\/2022\/07\/zawiadomienie-o-wyborze-11-06-2019.zip\">Zawiadomienie o wyborze oferty<\/a>]<\/br><br \/>\n16.05.2019r.[<a href=\"http:\/\/info-omer.home.pl\/autoinstalator\/wordpressplugins20\/wp-content\/uploads\/2022\/07\/informacja-z-otwarcia-ofert-z-dn.-16-05-2019.zip\">Informacja z otwarcia ofert<\/a>]<\/br><br \/>\n13.05.2019 roku[<a href=\"http:\/\/info-omer.home.pl\/autoinstalator\/wordpressplugins20\/wp-content\/uploads\/2022\/07\/ZMIANA-ZAPISOW-SIWZ-Tom-I-IDW-8-05-2019.zip\">Zmiana SIWZ<\/a>][<a href=\"http:\/\/info-omer.home.pl\/autoinstalator\/wordpressplugins20\/wp-content\/uploads\/2022\/07\/Ogloszenie-nr-540088347.zip\">Og\u0142oszenie o zmianie og\u0142oszenia<\/a>]<\/br><br \/>\n07.05.2019 roku [<a href=\"http:\/\/info-omer.home.pl\/autoinstalator\/wordpressplugins20\/wp-content\/uploads\/2022\/07\/przetarg-sprzatanie-Aquaparku-07-05-2019.zip\">SIWZ<\/a>]<\/p>\n<p><\/p>\n<\/div><\/div><\/div><\/div><\/div><\/div><div class=\"rt-col-md-12 rt-col-sm-6 rt-col-xs-12 even-grid-item rt-grid-item\" data-id=\"1553\"><div class=\"rt-holder\"><div class=\"rt-row\"><div class='rt-col-xs-12'><div class='rt-detail'><h3 class=\"entry-title\"><a data-id=\"1553\" class=\" disabled\" href=\"https:\/\/js-jarocin.pl\/index.php\/2022\/07\/27\/ogloszenie-o-przetargu-21\/\">OG\u0141OSZENIE O PRZETARGU<\/a><\/h3><div class='post-meta-user '><span class='date-meta'><i class='far fa-calendar-alt '><\/i>2022-07-27<\/span><\/div><div class='tpg-excerpt'><p><\/p>\n<p style=\"text-align: center\">Og\u0142oszenie o zam\u00f3wieniu w post\u0119powaniu przetargowym na zadanie:<br \/>\n\"<strong>Budowa i przebudowa obiekt\u00f3w sportowo - rekreacyjnych Sp\u00f3\u0142ki Jarocin Sport Sp. z o. o. w Jarocinie - zadanie inwestycyjne nr 1<\/strong>\"<br \/>\n[<a href=\"http:\/\/info-omer.home.pl\/autoinstalator\/wordpressplugins20\/wp-content\/uploads\/2022\/07\/Zawiadomienie-o-wyborze-najkorzystniejszej-oferty-z-dnia-17.04.2019r..zip\">Zawiadomienie o wyborze najkorzystniejszej oferty cenowej z dn. 17.04.2019r.<\/a>]<br \/>\n[<a href=\"http:\/\/info-omer.home.pl\/autoinstalator\/wordpressplugins20\/wp-content\/uploads\/2022\/07\/informacja-z-otwarcia-ofert-28-02-19.zip\">Informacja z otwarcia ofert z dn. 28.02.2019<\/a>]<br \/>\n[<a href=\"http:\/\/info-omer.home.pl\/autoinstalator\/wordpressplugins20\/wp-content\/uploads\/2022\/07\/zmiana-SIWZ-25-02-2019.zip\">Zmiana zapis\u00f3w SIWZ z dn. 25.02.2019<\/a>]<br \/>\n[<a href=\"http:\/\/info-omer.home.pl\/autoinstalator\/wordpressplugins20\/wp-content\/uploads\/2022\/07\/zmiana-siwz-20-02-2019.zip\">Zmiana zapis\u00f3w SIWZ z dn. 20.02.2019<\/a>]<br \/>\n[<a href=\"http:\/\/info-omer.home.pl\/autoinstalator\/wordpressplugins20\/wp-content\/uploads\/2022\/07\/zmiana-SIWZ-18-02-2019.zip\">Zmiana zapis\u00f3w SIWZ z dn. 18.02.2019<\/a>]<br \/>\n[<a href=\"http:\/\/info-omer.home.pl\/autoinstalator\/wordpressplugins20\/wp-content\/uploads\/2022\/07\/Tresc-zapytan-oraz-wyjasnienia-z-dn-15-02-19.zip\">Tre\u015b\u0107 zapyta\u0144 i wyja\u015bnienia z dnia 15.02.2019<\/a>]<br \/>\n[<a href=\"http:\/\/info-omer.home.pl\/autoinstalator\/wordpressplugins20\/wp-content\/uploads\/2022\/07\/zmiana-SIWZ-13-02-2019l.zip\">Zmiana zapis\u00f3w SIWZ z dn. 13.02.2019<\/a>]<br \/>\n[<a href=\"http:\/\/info-omer.home.pl\/autoinstalator\/wordpressplugins20\/wp-content\/uploads\/2022\/07\/zmiana-SIWZ-08-02-2019.zip\">Zmiana zapis\u00f3w SIWZ z dn. 08.02.2019<\/a>]<br \/>\n[<a href=\"http:\/\/info-omer.home.pl\/autoinstalator\/wordpressplugins20\/wp-content\/uploads\/2022\/07\/zmiana-SIWZ-30-01-2019.zip\">Zmiana zapis\u00f3w SIWZ z dn. 30.01.2019<\/a>]<br \/>\n[<a href=\"http:\/\/info-omer.home.pl\/autoinstalator\/wordpressplugins20\/wp-content\/uploads\/2022\/07\/zmiana-zapisow-SIWZ-z-dn-14.01.19.zip\">Zmiana zapis\u00f3w SIWZ z dn. 14.01.2019<\/a>]<br \/>\n[<a href=\"http:\/\/info-omer.home.pl\/autoinstalator\/wordpressplugins20\/wp-content\/uploads\/2022\/07\/PB-ZMIAN-marzec-2018.zip\">Za\u0142\u0105cznik do zmiany zapis\u00f3w SIWZ z dn. 14.01.2019<\/a>]<br \/>\n[<a href=\"http:\/\/info-omer.home.pl\/autoinstalator\/wordpressplugins20\/wp-content\/uploads\/2022\/07\/1_SIWZ-i-OGLOSZENIE.zip\">SIWZ i og\u0142oszenie<\/a>]<br \/>\n[<a href=\"http:\/\/info-omer.home.pl\/autoinstalator\/wordpressplugins20\/wp-content\/uploads\/2022\/07\/2_DOK_FORM_PR.zip\">Dokumenty formalno - prawne<\/a>]<br \/>\n[<a href=\"\">Projekt budowlany<\/a>]<\/br><br \/>\n[<a href=\"\">Projekt budowlany - zmiany<\/a>]<\/br><br \/>\n[<a href=\"\">Projekt wykonawcze<\/a>]<\/br><br \/>\n[<a href=\"http:\/\/info-omer.home.pl\/autoinstalator\/wordpressplugins20\/wp-content\/uploads\/2022\/07\/6_DOKUMENTACJA-POWYKONAWCZA.zip\">Dokumentacja powykonawcza<\/a>]<\/br><br \/>\n[<a href=\"http:\/\/info-omer.home.pl\/autoinstalator\/wordpressplugins20\/wp-content\/uploads\/2022\/07\/7_PRZEDMIARY-ROBOT.zip\">Przedmiar rob\u00f3t<\/a>]<\/br><br \/>\n[<a href=\"http:\/\/info-omer.home.pl\/autoinstalator\/wordpressplugins20\/wp-content\/uploads\/2022\/07\/KOSZTORYSY-11-01-2019.zip\">Kosztorys<\/a>]<\/br><br \/>\n[<a href=\"http:\/\/info-omer.home.pl\/autoinstalator\/wordpressplugins20\/wp-content\/uploads\/2022\/07\/STWiOR-11-01-2019.zip\">STWiOR<\/a>]<\/p>\n<p><\/p>\n<\/div><\/div><\/div><\/div><\/div><\/div><\/div><\/div><\/div>\n\t\t\t\t\t\t<\/div>\n\t\t\t\t<\/div>\n\t\t\t\t\t<\/div>\n\t\t<\/div>\n\t\t\t\t\t<\/div>\n\t\t<\/section>\n\t\t\t\t<\/div>\n\t\t","protected":false},"excerpt":{"rendered":"<p>PRZETARGI 2019<\/p>\n","protected":false},"author":2,"featured_media":0,"parent":0,"menu_order":0,"comment_status":"closed","ping_status":"closed","template":"","meta":{"site-sidebar-layout":"no-sidebar","site-content-layout":"page-builder","ast-site-content-layout":"default","site-content-style":"default","site-sidebar-style":"default","ast-global-header-display":"","ast-banner-title-visibility":"","ast-main-header-display":"","ast-hfb-above-header-display":"","ast-hfb-below-header-display":"","ast-hfb-mobile-header-display":"","site-post-title":"disabled","ast-breadcrumbs-content":"","ast-featured-img":"disabled","footer-sml-layout":"","ast-disable-related-posts":"","theme-transparent-header-meta":"","adv-header-id-meta":"","stick-header-meta":"","header-above-stick-meta":"","header-main-stick-meta":"","header-below-stick-meta":"","astra-migrate-meta-layouts":"default","ast-page-background-enabled":"default","ast-page-background-meta":{"desktop":{"background-color":"var(--ast-global-color-4)","background-image":"","background-repeat":"repeat","background-position":"center center","background-size":"auto","background-attachment":"scroll","background-type":"","background-media":"","overlay-type":"","overlay-color":"","overlay-opacity":"","overlay-gradient":""},"tablet":{"background-color":"","background-image":"","background-repeat":"repeat","background-position":"center center","background-size":"auto","background-attachment":"scroll","background-type":"","background-media":"","overlay-type":"","overlay-color":"","overlay-opacity":"","overlay-gradient":""},"mobile":{"background-color":"","background-image":"","background-repeat":"repeat","background-position":"center center","background-size":"auto","background-attachment":"scroll","background-type":"","background-media":"","overlay-type":"","overlay-color":"","overlay-opacity":"","overlay-gradient":""}},"ast-content-background-meta":{"desktop":{"background-color":"var(--ast-global-color-5)","background-image":"","background-repeat":"repeat","background-position":"center center","background-size":"auto","background-attachment":"scroll","background-type":"","background-media":"","overlay-type":"","overlay-color":"","overlay-opacity":"","overlay-gradient":""},"tablet":{"background-color":"var(--ast-global-color-5)","background-image":"","background-repeat":"repeat","background-position":"center center","background-size":"auto","background-attachment":"scroll","background-type":"","background-media":"","overlay-type":"","overlay-color":"","overlay-opacity":"","overlay-gradient":""},"mobile":{"background-color":"var(--ast-global-color-5)","background-image":"","background-repeat":"repeat","background-position":"center center","background-size":"auto","background-attachment":"scroll","background-type":"","background-media":"","overlay-type":"","overlay-color":"","overlay-opacity":"","overlay-gradient":""}},"footnotes":""},"class_list":["post-516","page","type-page","status-publish","hentry"],"yoast_head":"<!-- This site is optimized with the Yoast SEO plugin v27.4 - https:\/\/yoast.com\/product\/yoast-seo-wordpress\/ -->\n<title>Przetargi 2019 - Jarocin-sport.com.pl<\/title>\n<meta name=\"robots\" content=\"index, follow, max-snippet:-1, max-image-preview:large, max-video-preview:-1\" \/>\n<link rel=\"canonical\" href=\"https:\/\/js-jarocin.pl\/index.php\/przetargi-2019\/\" \/>\n<meta property=\"og:locale\" content=\"pl_PL\" \/>\n<meta property=\"og:type\" content=\"article\" \/>\n<meta property=\"og:title\" content=\"Przetargi 2019 - Jarocin-sport.com.pl\" \/>\n<meta property=\"og:description\" content=\"PRZETARGI 2019\" \/>\n<meta property=\"og:url\" content=\"https:\/\/js-jarocin.pl\/index.php\/przetargi-2019\/\" \/>\n<meta property=\"og:site_name\" content=\"Jarocin-sport.com.pl\" \/>\n<meta property=\"article:modified_time\" content=\"2022-07-26T11:22:30+00:00\" \/>\n<meta name=\"twitter:card\" content=\"summary_large_image\" \/>\n<meta name=\"twitter:label1\" content=\"Szacowany czas czytania\" \/>\n\t<meta name=\"twitter:data1\" content=\"1 minuta\" \/>\n<script type=\"application\/ld+json\" class=\"yoast-schema-graph\">{\"@context\":\"https:\\\/\\\/schema.org\",\"@graph\":[{\"@type\":\"WebPage\",\"@id\":\"https:\\\/\\\/js-jarocin.pl\\\/index.php\\\/przetargi-2019\\\/\",\"url\":\"https:\\\/\\\/js-jarocin.pl\\\/index.php\\\/przetargi-2019\\\/\",\"name\":\"Przetargi 2019 - Jarocin-sport.com.pl\",\"isPartOf\":{\"@id\":\"https:\\\/\\\/js-jarocin.pl\\\/#website\"},\"datePublished\":\"2022-07-13T10:21:06+00:00\",\"dateModified\":\"2022-07-26T11:22:30+00:00\",\"breadcrumb\":{\"@id\":\"https:\\\/\\\/js-jarocin.pl\\\/index.php\\\/przetargi-2019\\\/#breadcrumb\"},\"inLanguage\":\"pl-PL\",\"potentialAction\":[{\"@type\":\"ReadAction\",\"target\":[\"https:\\\/\\\/js-jarocin.pl\\\/index.php\\\/przetargi-2019\\\/\"]}]},{\"@type\":\"BreadcrumbList\",\"@id\":\"https:\\\/\\\/js-jarocin.pl\\\/index.php\\\/przetargi-2019\\\/#breadcrumb\",\"itemListElement\":[{\"@type\":\"ListItem\",\"position\":1,\"name\":\"Home\",\"item\":\"https:\\\/\\\/js-jarocin.pl\\\/\"},{\"@type\":\"ListItem\",\"position\":2,\"name\":\"Przetargi 2019\"}]},{\"@type\":\"WebSite\",\"@id\":\"https:\\\/\\\/js-jarocin.pl\\\/#website\",\"url\":\"https:\\\/\\\/js-jarocin.pl\\\/\",\"name\":\"Jarocin-sport.com.pl\",\"description\":\"Jarocin-sport\",\"potentialAction\":[{\"@type\":\"SearchAction\",\"target\":{\"@type\":\"EntryPoint\",\"urlTemplate\":\"https:\\\/\\\/js-jarocin.pl\\\/?s={search_term_string}\"},\"query-input\":{\"@type\":\"PropertyValueSpecification\",\"valueRequired\":true,\"valueName\":\"search_term_string\"}}],\"inLanguage\":\"pl-PL\"}]}<\/script>\n<!-- \/ Yoast SEO plugin. -->","yoast_head_json":{"title":"Przetargi 2019 - Jarocin-sport.com.pl","robots":{"index":"index","follow":"follow","max-snippet":"max-snippet:-1","max-image-preview":"max-image-preview:large","max-video-preview":"max-video-preview:-1"},"canonical":"https:\/\/js-jarocin.pl\/index.php\/przetargi-2019\/","og_locale":"pl_PL","og_type":"article","og_title":"Przetargi 2019 - Jarocin-sport.com.pl","og_description":"PRZETARGI 2019","og_url":"https:\/\/js-jarocin.pl\/index.php\/przetargi-2019\/","og_site_name":"Jarocin-sport.com.pl","article_modified_time":"2022-07-26T11:22:30+00:00","twitter_card":"summary_large_image","twitter_misc":{"Szacowany czas czytania":"1 minuta"},"schema":{"@context":"https:\/\/schema.org","@graph":[{"@type":"WebPage","@id":"https:\/\/js-jarocin.pl\/index.php\/przetargi-2019\/","url":"https:\/\/js-jarocin.pl\/index.php\/przetargi-2019\/","name":"Przetargi 2019 - Jarocin-sport.com.pl","isPartOf":{"@id":"https:\/\/js-jarocin.pl\/#website"},"datePublished":"2022-07-13T10:21:06+00:00","dateModified":"2022-07-26T11:22:30+00:00","breadcrumb":{"@id":"https:\/\/js-jarocin.pl\/index.php\/przetargi-2019\/#breadcrumb"},"inLanguage":"pl-PL","potentialAction":[{"@type":"ReadAction","target":["https:\/\/js-jarocin.pl\/index.php\/przetargi-2019\/"]}]},{"@type":"BreadcrumbList","@id":"https:\/\/js-jarocin.pl\/index.php\/przetargi-2019\/#breadcrumb","itemListElement":[{"@type":"ListItem","position":1,"name":"Home","item":"https:\/\/js-jarocin.pl\/"},{"@type":"ListItem","position":2,"name":"Przetargi 2019"}]},{"@type":"WebSite","@id":"https:\/\/js-jarocin.pl\/#website","url":"https:\/\/js-jarocin.pl\/","name":"Jarocin-sport.com.pl","description":"Jarocin-sport","potentialAction":[{"@type":"SearchAction","target":{"@type":"EntryPoint","urlTemplate":"https:\/\/js-jarocin.pl\/?s={search_term_string}"},"query-input":{"@type":"PropertyValueSpecification","valueRequired":true,"valueName":"search_term_string"}}],"inLanguage":"pl-PL"}]}},"rttpg_featured_image_url":null,"rttpg_author":{"display_name":"serwis","author_link":"https:\/\/js-jarocin.pl\/index.php\/author\/serwis\/"},"rttpg_comment":0,"rttpg_category":"","rttpg_excerpt":"PRZETARGI 2019","_links":{"self":[{"href":"https:\/\/js-jarocin.pl\/index.php\/wp-json\/wp\/v2\/pages\/516","targetHints":{"allow":["GET"]}}],"collection":[{"href":"https:\/\/js-jarocin.pl\/index.php\/wp-json\/wp\/v2\/pages"}],"about":[{"href":"https:\/\/js-jarocin.pl\/index.php\/wp-json\/wp\/v2\/types\/page"}],"author":[{"embeddable":true,"href":"https:\/\/js-jarocin.pl\/index.php\/wp-json\/wp\/v2\/users\/2"}],"replies":[{"embeddable":true,"href":"https:\/\/js-jarocin.pl\/index.php\/wp-json\/wp\/v2\/comments?post=516"}],"version-history":[{"count":10,"href":"https:\/\/js-jarocin.pl\/index.php\/wp-json\/wp\/v2\/pages\/516\/revisions"}],"predecessor-version":[{"id":1552,"href":"https:\/\/js-jarocin.pl\/index.php\/wp-json\/wp\/v2\/pages\/516\/revisions\/1552"}],"wp:attachment":[{"href":"https:\/\/js-jarocin.pl\/index.php\/wp-json\/wp\/v2\/media?parent=516"}],"curies":[{"name":"wp","href":"https:\/\/api.w.org\/{rel}","templated":true}]}}