{"id":540,"date":"2022-07-13T14:08:29","date_gmt":"2022-07-13T12:08:29","guid":{"rendered":"https:\/\/info-omer.home.pl\/autoinstalator\/wordpressplugins20\/?page_id=540"},"modified":"2022-07-13T14:14:22","modified_gmt":"2022-07-13T12:14:22","slug":"przetargi-2022","status":"publish","type":"page","link":"https:\/\/js-jarocin.pl\/index.php\/przetargi-2022\/","title":{"rendered":"Przetargi 2022"},"content":{"rendered":"\t\t<div data-elementor-type=\"wp-page\" data-elementor-id=\"540\" class=\"elementor elementor-540\">\n\t\t\t\t\t\t<section class=\"elementor-section elementor-top-section elementor-element elementor-element-3ccf9be elementor-section-boxed elementor-section-height-default elementor-section-height-default\" data-id=\"3ccf9be\" data-element_type=\"section\" data-e-type=\"section\">\n\t\t\t\t\t\t<div class=\"elementor-container elementor-column-gap-default\">\n\t\t\t\t\t<div class=\"elementor-column elementor-col-100 elementor-top-column elementor-element elementor-element-27e5d49\" data-id=\"27e5d49\" data-element_type=\"column\" data-e-type=\"column\">\n\t\t\t<div class=\"elementor-widget-wrap elementor-element-populated\">\n\t\t\t\t\t\t<div class=\"elementor-element elementor-element-3890804 elementor-widget elementor-widget-heading\" data-id=\"3890804\" data-element_type=\"widget\" data-e-type=\"widget\" data-widget_type=\"heading.default\">\n\t\t\t\t<div class=\"elementor-widget-container\">\n\t\t\t\t\t<h2 class=\"elementor-heading-title elementor-size-xxl\">PRZETARGI 2022<\/h2>\t\t\t\t<\/div>\n\t\t\t\t<\/div>\n\t\t\t\t\t<\/div>\n\t\t<\/div>\n\t\t\t\t\t<\/div>\n\t\t<\/section>\n\t\t\t\t<section class=\"elementor-section elementor-top-section elementor-element elementor-element-fce5305 elementor-section-boxed elementor-section-height-default elementor-section-height-default\" data-id=\"fce5305\" data-element_type=\"section\" data-e-type=\"section\">\n\t\t\t\t\t\t<div class=\"elementor-container elementor-column-gap-default\">\n\t\t\t\t\t<div class=\"elementor-column elementor-col-100 elementor-top-column elementor-element elementor-element-b25b113\" data-id=\"b25b113\" data-element_type=\"column\" data-e-type=\"column\">\n\t\t\t<div class=\"elementor-widget-wrap elementor-element-populated\">\n\t\t\t\t\t\t<div class=\"elementor-element elementor-element-9606454 elementor-widget elementor-widget-shortcode\" data-id=\"9606454\" data-element_type=\"widget\" data-e-type=\"widget\" data-widget_type=\"shortcode.default\">\n\t\t\t\t<div class=\"elementor-widget-container\">\n\t\t\t\t\t\t\t<div class=\"elementor-shortcode\"><style type='text\/css' media='all'>#rt-tpg-container-2589361495 .rt-holder .rt-woo-info .price{color:#0367bf;}body .rt-tpg-container .rt-tpg-isotope-buttons .selected,\n\t\t\t\t\t#rt-tpg-container-2589361495 .layout12 .rt-holder:hover .rt-detail,\n\t\t\t\t\t#rt-tpg-container-2589361495 .isotope8 .rt-holder:hover .rt-detail,\n\t\t\t\t\t#rt-tpg-container-2589361495 .carousel8 .rt-holder:hover .rt-detail,\n\t\t\t\t\t#rt-tpg-container-2589361495 .layout13 .rt-holder .overlay .post-info,\n\t\t\t\t\t#rt-tpg-container-2589361495 .isotope9 .rt-holder .overlay .post-info,\n\t\t\t\t\t#rt-tpg-container-2589361495.rt-tpg-container .layout4 .rt-holder .rt-detail,\n\t\t\t\t\t.rt-modal-2589361495 .md-content,\n\t\t\t\t\t.rt-modal-2589361495 .md-content > .rt-md-content-holder .rt-md-content,\n\t\t\t\t\t.rt-popup-wrap-2589361495.rt-popup-wrap .rt-popup-navigation-wrap,\n\t\t\t\t\t#rt-tpg-container-2589361495 .carousel9 .rt-holder .overlay .post-info{background-color:#0367bf;}#rt-tpg-container-2589361495 .layout5 .rt-holder .overlay, #rt-tpg-container-2589361495 .isotope2 .rt-holder .overlay, #rt-tpg-container-2589361495 .carousel2 .rt-holder .overlay,#rt-tpg-container-2589361495 .layout15 .rt-holder h3, #rt-tpg-container-2589361495 .isotope11 .rt-holder h3, #rt-tpg-container-2589361495 .carousel11 .rt-holder h3, #rt-tpg-container-2589361495 .layout16 .rt-holder h3,\n\t\t\t\t\t#rt-tpg-container-2589361495 .isotope12 .rt-holder h3, #rt-tpg-container-2589361495 .carousel12 .rt-holder h3 {background-color:rgba(3,103,191,0.8);}#rt-tpg-container-2589361495 .read-more a{border-radius:px;}#rt-tpg-container-2589361495 .rt-img-holder img.rt-img-responsive,#rt-tpg-container-2589361495 .rt-img-holder,\n\t\t\t\t\t#rt-tpg-container-2589361495 .rt-post-overlay .post-img,\n\t\t\t\t\t#rt-tpg-container-2589361495 .post-sm .post-img,\n\t\t\t\t\t#rt-tpg-container-2589361495 .rt-post-grid .post-img,\n\t\t\t\t\t#rt-tpg-container-2589361495 .post-img img {border-radius:px;}<\/style><div class='rt-container-fluid rt-tpg-container tpg-shortcode-main-wrapper ' id='rt-tpg-container-2589361495'   data-layout='layout2' data-grid-style='even' data-desktop-col='1'  data-tab-col='2'  data-mobile-col='1' data-sc-id='542'><div data-title='Loading ...' class='rt-row rt-content-loader   layout2 tpg-even '><div class=\"rt-col-md-12 rt-col-sm-6 rt-col-xs-12 even-grid-item rt-grid-item\" data-id=\"1937\"><div class=\"rt-holder\"><div class=\"rt-row\"><div class='rt-col-sm-4 rt-col-xs-12 '><div class=\"rt-img-holder\"><a data-id='1937' class=' disabled' href='https:\/\/js-jarocin.pl\/index.php\/2022\/10\/04\/ogloszenie-o-przetargu-35\/'><img fetchpriority=\"high\" decoding=\"async\" width=\"2000\" height=\"1600\" src=\"https:\/\/js-jarocin.pl\/wp-content\/uploads\/2022\/10\/komunikat_przetargi.png\" class=\"rt-img-responsive \" alt=\"\" \/><\/a><\/div><\/div><div class='rt-col-sm-8 rt-col-xs-12 '><div class='rt-detail'><h3 class=\"entry-title\"><a data-id=\"1937\" class=\" disabled\" href=\"https:\/\/js-jarocin.pl\/index.php\/2022\/10\/04\/ogloszenie-o-przetargu-35\/\">OG\u0141OSZENIE O PRZETARGU<\/a><\/h3><div class='post-meta-user '><span class='date-meta'><i class='far fa-calendar-alt '><\/i>2022-10-04<\/span><\/div><div class='tpg-excerpt'><p><br \/>\nOg\u0142oszenie post\u0119powania przetargowego na<\/p>\n<p style=\"text-align: center\"><strong>Zakup energii elektrycznej, sprzeda\u017c energii elektrycznej z OZE wraz z us\u0142ug\u0105 bilansowania handlowego<\/strong><\/p>\n<p>Link do post\u0119powania: : <a href=\"https:\/\/miniportal.uzp.gov.pl\/Postepowania\/5215a4c6-9c74-43b9-b5cd-33a12e6e88c9\">https:\/\/miniportal.uzp.gov.pl\/Postepowania\/5215a4c6-9c74-43b9-b5cd-33a12e6e88c9<\/a><\/p>\n<p><\/p>\n<\/div><\/div><\/div><\/div><\/div><\/div><div class=\"rt-col-md-12 rt-col-sm-6 rt-col-xs-12 even-grid-item rt-grid-item\" data-id=\"553\"><div class=\"rt-holder\"><div class=\"rt-row\"><div class='rt-col-sm-4 rt-col-xs-12 '><div class=\"rt-img-holder\"><a data-id='553' class=' disabled' href='https:\/\/js-jarocin.pl\/index.php\/2022\/07\/13\/ogloszenie-o-przetargu-3\/'><img decoding=\"async\" width=\"318\" height=\"159\" src=\"https:\/\/js-jarocin.pl\/wp-content\/uploads\/2022\/07\/komunikat.png\" class=\"rt-img-responsive \" alt=\"\" \/><\/a><\/div><\/div><div class='rt-col-sm-8 rt-col-xs-12 '><div class='rt-detail'><h3 class=\"entry-title\"><a data-id=\"553\" class=\" disabled\" href=\"https:\/\/js-jarocin.pl\/index.php\/2022\/07\/13\/ogloszenie-o-przetargu-3\/\">Og\u0142oszenie o przetargu<\/a><\/h3><div class='post-meta-user '><span class='date-meta'><i class='far fa-calendar-alt '><\/i>2022-07-13<\/span><\/div><div class='tpg-excerpt'><p><\/p>\n<p class=\"has-text-align-center has-large-font-size\">Roboty budowlane polegaj\u0105ce na monta\u017cu paneli fotowoltaicznych realizowany w ramach zadania \"Poprawa efektywno\u015bci energetycznej obiekt\u00f3w rekreacyjno - sportowych Sp\u00f3\u0142ki Jarocin Sport Sp. z o. o. w Jarocinie.\"<\/p>\n<p><\/p>\n<p><\/p>\n<p class=\"has-text-align-center\">Numer post\u0119powanie <strong>JS\/ZP\/2\/2022<\/strong><\/p>\n<p><\/p>\n<p><br \/>\n<strong>Szanowni Pa\u0144stwo,<\/br><br \/>\nInformujemy, \u017ce w Jarocin Sport Sp. z o. o. w Jarocinie post\u0119powania o udzielenie zam\u00f3wie\u0144 publicznych o warto\u015bci r\u00f3wnej lub przekraczaj\u0105cej kwoty okre\u015blone w przepisach wydanych na podstawie art. 11 ust. 8 ustawy Prawo zam\u00f3wie\u0144 publicznych prowadzone s\u0105 z wykorzystaniem platformy zakupowej. Wychodz\u0105c naprzeciw oczekiwaniom rynku postanowili\u015bmy wdro\u017cy\u0107 Platform\u0119 Marketplanet e-Zamawiaj\u0105cy, kt\u00f3ra b\u0119dzie podstawowym narz\u0119dziem kt\u00f3re umo\u017cliwi Pa\u0144stwu sk\u0142adanie ofert na drodze elektronicznej. Oznacza to, mo\u017cliwo\u015b\u0107 prowadzenia post\u0119powa\u0144 o udzielenie zam\u00f3wienia publicznego w spos\u00f3b elektroniczny, gwarantuj\u0105cy zachowanie pe\u0142nej poufno\u015bci oraz najwy\u017cszych standard\u00f3w bezpiecze\u0144stwa przekazu danych. W przypadku pyta\u0144 prosimy o skorzystanie z pomocy Centrum Wsparcia Klienta Info Marketplanet, kt\u00f3re udziela wszelkich informacji zwi\u0105zanych z procesem sk\u0142adania ofert rejestracji czy innych aspekt\u00f3w technicznych, platformy, dost\u0119pne codziennie od poniedzia\u0142ku do pi\u0105tku w godz. 9:00 do 17:00 pod nr tel. 22 576 87 90 lub <a href=\"mailto:oneplace@marketplanet.pl\">oneplace@marketplanet.pl<\/a> gdzie otrzymacie Pa\u0144stwo pe\u0142ne i profesjonalne wsparcie. <\/br><br \/>\nWej\u015bcie na platform\u0119 poprzez link:<br \/>\n<a href=\"https:\/\/jarocin.ezamawiajacy.pl\/pn\/jarocin\/demand\/notice\/public\/57142\/details\">https:\/\/jarocin.ezamawiajacy.pl\/pn\/jarocin\/demand\/notice\/public\/57142\/details<\/a><\/br><br \/>\nWszystkie post\u0119powania o udzielenie zam\u00f3wie\u0144 publicznych b\u0119d\u0105 publikowane powy\u017cej. W zwi\u0105zku z powy\u017cszym prosimy o \u015bledzenie zar\u00f3wno platformy e-zamawiaj\u0105cy i strony internetowej<\/br><br \/>\nwww.jarocinsport.pl<br \/>\n<\/p>\n<\/div><\/div><\/div><\/div><\/div><\/div><div class=\"rt-col-md-12 rt-col-sm-6 rt-col-xs-12 even-grid-item rt-grid-item\" data-id=\"411\"><div class=\"rt-holder\"><div class=\"rt-row\"><div class='rt-col-sm-4 rt-col-xs-12 '><div class=\"rt-img-holder\"><a data-id='411' class=' disabled' href='https:\/\/js-jarocin.pl\/index.php\/2022\/07\/12\/ogloszenie-o-przetargu\/'><img decoding=\"async\" width=\"318\" height=\"159\" src=\"https:\/\/js-jarocin.pl\/wp-content\/uploads\/2022\/07\/komunikat.png\" class=\"rt-img-responsive \" alt=\"\" \/><\/a><\/div><\/div><div class='rt-col-sm-8 rt-col-xs-12 '><div class='rt-detail'><h3 class=\"entry-title\"><a data-id=\"411\" class=\" disabled\" href=\"https:\/\/js-jarocin.pl\/index.php\/2022\/07\/12\/ogloszenie-o-przetargu\/\">Og\u0142oszenie o przetargu<\/a><\/h3><div class='post-meta-user '><span class='date-meta'><i class='far fa-calendar-alt '><\/i>2022-07-12<\/span><\/div><div class='tpg-excerpt'><p><\/p>\n<p class=\"has-text-align-center has-large-font-size\">Codzienne sprz\u0105tanie sal gimnastycznych, hali widowiskowo - sportowej oraz budynku wielofunkcyjnego<\/p>\n<p><\/p>\n<p><\/p>\n<p class=\"has-text-align-center\">Numer postanowienia <strong>JS\/ZP\/1\/2022<\/strong><\/p>\n<p><\/p>\n<p><br \/>\n<strong>Szanowni Pa\u0144stwo, <\/br>Informujemy, \u017ce w Jarocin Sport Sp. z o. o. w Jarocinie post\u0119powania o udzielenie zam\u00f3wie\u0144 publicznych o warto\u015bci r\u00f3wnej lub przekraczaj\u0105cej kwoty okre\u015blone w przepisach prowadzone s\u0105 z wykorzystaniem platformy zakupowej. Wychodz\u0105c naprzeciw oczekiwaniom rynku postanowili\u015bmy wdro\u017cy\u0107 Platform\u0119 Marketplanet e-Zamawiaj\u0105cy, kt\u00f3ra b\u0119dzie podstawowym narz\u0119dziem, kt\u00f3re umo\u017cliwi Pa\u0144stwu sk\u0142adanie ofert na drodze elektronicznej. Oznacza to, mo\u017cliwo\u015b\u0107 prowadzenia post\u0119powa\u0144 o udzielenie zam\u00f3wienia publicznego w spos\u00f3b elektroniczny, gwarantuj\u0105cy zachowanie pe\u0142nej poufno\u015bci oraz najwy\u017cszych standard\u00f3w bezpiecze\u0144stwa przekazu danych. W przypadku pyta\u0144 prosimy o skorzystanie z pomocy centrum Wsparcia Klienta Info Marketplanet, kt\u00f3re udziela wszelkich informacji zwi\u0105zanych z procesem sk\u0142adania ofert, rejestracji czy innych aspekt\u00f3w technicznych, platformy, dost\u0119pne codziennie od poniedzia\u0142ku do pi\u0105tku w godz. 9:00 do 17:00 pod nr tel. 22 576 87 90 lub <a href=\"mailto:oneplace@marketplanet.pl\">oneplace@marketplanet.pl<\/a> gdzie otrzymacie Pa\u0144stwo pe\u0142ne i profesjonalne wsparcie. <\/br> Wej\u015bcie na platform\u0119 poprzez link:<\/br><a href=\"https:\/\/jarocin.ezamawiajacy.pl\/pn\/jarocin\/demand\/notice\/public\/50871\/details\">https:\/\/jarocin.ezamawiajacy.pl\/pn\/jarocin\/demand\/notice\/public\/50871\/details<\/a><\/strong><br \/>\n<\/p>\n<p><\/p>\n<p><strong>Wszystkie post\u0119powania o udzielenie zam\u00f3wie\u0144 publicznych b\u0119d\u0105 publikowane powy\u017cej.<\/strong><\/p>\n<p><\/p>\n<p><\/p>\n<p><strong>W zwi\u0105zku z powy\u017cszym prosimy o \u015bledzenie zar\u00f3wno platformy e-zamawiaj\u0105cy i strony internetowej<\/strong><\/p>\n<p><\/p>\n<p><\/p>\n<p>www.jarocinsport.pl<\/p>\n<p><\/p>\n<\/div><\/div><\/div><\/div><\/div><\/div><\/div><\/div><\/div>\n\t\t\t\t\t\t<\/div>\n\t\t\t\t<\/div>\n\t\t\t\t\t<\/div>\n\t\t<\/div>\n\t\t\t\t\t<\/div>\n\t\t<\/section>\n\t\t\t\t<\/div>\n\t\t","protected":false},"excerpt":{"rendered":"<p>PRZETARGI 2022<\/p>\n","protected":false},"author":2,"featured_media":0,"parent":0,"menu_order":0,"comment_status":"closed","ping_status":"closed","template":"","meta":{"site-sidebar-layout":"no-sidebar","site-content-layout":"page-builder","ast-site-content-layout":"default","site-content-style":"default","site-sidebar-style":"default","ast-global-header-display":"","ast-banner-title-visibility":"","ast-main-header-display":"","ast-hfb-above-header-display":"","ast-hfb-below-header-display":"","ast-hfb-mobile-header-display":"","site-post-title":"disabled","ast-breadcrumbs-content":"","ast-featured-img":"disabled","footer-sml-layout":"","ast-disable-related-posts":"","theme-transparent-header-meta":"","adv-header-id-meta":"","stick-header-meta":"","header-above-stick-meta":"","header-main-stick-meta":"","header-below-stick-meta":"","astra-migrate-meta-layouts":"default","ast-page-background-enabled":"default","ast-page-background-meta":{"desktop":{"background-color":"var(--ast-global-color-4)","background-image":"","background-repeat":"repeat","background-position":"center center","background-size":"auto","background-attachment":"scroll","background-type":"","background-media":"","overlay-type":"","overlay-color":"","overlay-opacity":"","overlay-gradient":""},"tablet":{"background-color":"","background-image":"","background-repeat":"repeat","background-position":"center center","background-size":"auto","background-attachment":"scroll","background-type":"","background-media":"","overlay-type":"","overlay-color":"","overlay-opacity":"","overlay-gradient":""},"mobile":{"background-color":"","background-image":"","background-repeat":"repeat","background-position":"center center","background-size":"auto","background-attachment":"scroll","background-type":"","background-media":"","overlay-type":"","overlay-color":"","overlay-opacity":"","overlay-gradient":""}},"ast-content-background-meta":{"desktop":{"background-color":"var(--ast-global-color-5)","background-image":"","background-repeat":"repeat","background-position":"center center","background-size":"auto","background-attachment":"scroll","background-type":"","background-media":"","overlay-type":"","overlay-color":"","overlay-opacity":"","overlay-gradient":""},"tablet":{"background-color":"var(--ast-global-color-5)","background-image":"","background-repeat":"repeat","background-position":"center center","background-size":"auto","background-attachment":"scroll","background-type":"","background-media":"","overlay-type":"","overlay-color":"","overlay-opacity":"","overlay-gradient":""},"mobile":{"background-color":"var(--ast-global-color-5)","background-image":"","background-repeat":"repeat","background-position":"center center","background-size":"auto","background-attachment":"scroll","background-type":"","background-media":"","overlay-type":"","overlay-color":"","overlay-opacity":"","overlay-gradient":""}},"footnotes":""},"class_list":["post-540","page","type-page","status-publish","hentry"],"yoast_head":"<!-- This site is optimized with the Yoast SEO plugin v27.4 - https:\/\/yoast.com\/product\/yoast-seo-wordpress\/ -->\n<title>Przetargi 2022 - Jarocin-sport.com.pl<\/title>\n<meta name=\"robots\" content=\"index, follow, max-snippet:-1, max-image-preview:large, max-video-preview:-1\" \/>\n<link rel=\"canonical\" href=\"https:\/\/js-jarocin.pl\/index.php\/przetargi-2022\/\" \/>\n<meta property=\"og:locale\" content=\"pl_PL\" \/>\n<meta property=\"og:type\" content=\"article\" \/>\n<meta property=\"og:title\" content=\"Przetargi 2022 - Jarocin-sport.com.pl\" \/>\n<meta property=\"og:description\" content=\"PRZETARGI 2022\" \/>\n<meta property=\"og:url\" content=\"https:\/\/js-jarocin.pl\/index.php\/przetargi-2022\/\" \/>\n<meta property=\"og:site_name\" content=\"Jarocin-sport.com.pl\" \/>\n<meta property=\"article:modified_time\" content=\"2022-07-13T12:14:22+00:00\" \/>\n<meta name=\"twitter:card\" content=\"summary_large_image\" \/>\n<meta name=\"twitter:label1\" content=\"Szacowany czas czytania\" \/>\n\t<meta name=\"twitter:data1\" content=\"2 minuty\" \/>\n<script type=\"application\/ld+json\" class=\"yoast-schema-graph\">{\"@context\":\"https:\\\/\\\/schema.org\",\"@graph\":[{\"@type\":\"WebPage\",\"@id\":\"https:\\\/\\\/js-jarocin.pl\\\/index.php\\\/przetargi-2022\\\/\",\"url\":\"https:\\\/\\\/js-jarocin.pl\\\/index.php\\\/przetargi-2022\\\/\",\"name\":\"Przetargi 2022 - Jarocin-sport.com.pl\",\"isPartOf\":{\"@id\":\"https:\\\/\\\/js-jarocin.pl\\\/#website\"},\"datePublished\":\"2022-07-13T12:08:29+00:00\",\"dateModified\":\"2022-07-13T12:14:22+00:00\",\"breadcrumb\":{\"@id\":\"https:\\\/\\\/js-jarocin.pl\\\/index.php\\\/przetargi-2022\\\/#breadcrumb\"},\"inLanguage\":\"pl-PL\",\"potentialAction\":[{\"@type\":\"ReadAction\",\"target\":[\"https:\\\/\\\/js-jarocin.pl\\\/index.php\\\/przetargi-2022\\\/\"]}]},{\"@type\":\"BreadcrumbList\",\"@id\":\"https:\\\/\\\/js-jarocin.pl\\\/index.php\\\/przetargi-2022\\\/#breadcrumb\",\"itemListElement\":[{\"@type\":\"ListItem\",\"position\":1,\"name\":\"Home\",\"item\":\"https:\\\/\\\/js-jarocin.pl\\\/\"},{\"@type\":\"ListItem\",\"position\":2,\"name\":\"Przetargi 2022\"}]},{\"@type\":\"WebSite\",\"@id\":\"https:\\\/\\\/js-jarocin.pl\\\/#website\",\"url\":\"https:\\\/\\\/js-jarocin.pl\\\/\",\"name\":\"Jarocin-sport.com.pl\",\"description\":\"Jarocin-sport\",\"potentialAction\":[{\"@type\":\"SearchAction\",\"target\":{\"@type\":\"EntryPoint\",\"urlTemplate\":\"https:\\\/\\\/js-jarocin.pl\\\/?s={search_term_string}\"},\"query-input\":{\"@type\":\"PropertyValueSpecification\",\"valueRequired\":true,\"valueName\":\"search_term_string\"}}],\"inLanguage\":\"pl-PL\"}]}<\/script>\n<!-- \/ Yoast SEO plugin. -->","yoast_head_json":{"title":"Przetargi 2022 - Jarocin-sport.com.pl","robots":{"index":"index","follow":"follow","max-snippet":"max-snippet:-1","max-image-preview":"max-image-preview:large","max-video-preview":"max-video-preview:-1"},"canonical":"https:\/\/js-jarocin.pl\/index.php\/przetargi-2022\/","og_locale":"pl_PL","og_type":"article","og_title":"Przetargi 2022 - Jarocin-sport.com.pl","og_description":"PRZETARGI 2022","og_url":"https:\/\/js-jarocin.pl\/index.php\/przetargi-2022\/","og_site_name":"Jarocin-sport.com.pl","article_modified_time":"2022-07-13T12:14:22+00:00","twitter_card":"summary_large_image","twitter_misc":{"Szacowany czas czytania":"2 minuty"},"schema":{"@context":"https:\/\/schema.org","@graph":[{"@type":"WebPage","@id":"https:\/\/js-jarocin.pl\/index.php\/przetargi-2022\/","url":"https:\/\/js-jarocin.pl\/index.php\/przetargi-2022\/","name":"Przetargi 2022 - Jarocin-sport.com.pl","isPartOf":{"@id":"https:\/\/js-jarocin.pl\/#website"},"datePublished":"2022-07-13T12:08:29+00:00","dateModified":"2022-07-13T12:14:22+00:00","breadcrumb":{"@id":"https:\/\/js-jarocin.pl\/index.php\/przetargi-2022\/#breadcrumb"},"inLanguage":"pl-PL","potentialAction":[{"@type":"ReadAction","target":["https:\/\/js-jarocin.pl\/index.php\/przetargi-2022\/"]}]},{"@type":"BreadcrumbList","@id":"https:\/\/js-jarocin.pl\/index.php\/przetargi-2022\/#breadcrumb","itemListElement":[{"@type":"ListItem","position":1,"name":"Home","item":"https:\/\/js-jarocin.pl\/"},{"@type":"ListItem","position":2,"name":"Przetargi 2022"}]},{"@type":"WebSite","@id":"https:\/\/js-jarocin.pl\/#website","url":"https:\/\/js-jarocin.pl\/","name":"Jarocin-sport.com.pl","description":"Jarocin-sport","potentialAction":[{"@type":"SearchAction","target":{"@type":"EntryPoint","urlTemplate":"https:\/\/js-jarocin.pl\/?s={search_term_string}"},"query-input":{"@type":"PropertyValueSpecification","valueRequired":true,"valueName":"search_term_string"}}],"inLanguage":"pl-PL"}]}},"rttpg_featured_image_url":null,"rttpg_author":{"display_name":"serwis","author_link":"https:\/\/js-jarocin.pl\/index.php\/author\/serwis\/"},"rttpg_comment":0,"rttpg_category":"","rttpg_excerpt":"PRZETARGI 2022","_links":{"self":[{"href":"https:\/\/js-jarocin.pl\/index.php\/wp-json\/wp\/v2\/pages\/540","targetHints":{"allow":["GET"]}}],"collection":[{"href":"https:\/\/js-jarocin.pl\/index.php\/wp-json\/wp\/v2\/pages"}],"about":[{"href":"https:\/\/js-jarocin.pl\/index.php\/wp-json\/wp\/v2\/types\/page"}],"author":[{"embeddable":true,"href":"https:\/\/js-jarocin.pl\/index.php\/wp-json\/wp\/v2\/users\/2"}],"replies":[{"embeddable":true,"href":"https:\/\/js-jarocin.pl\/index.php\/wp-json\/wp\/v2\/comments?post=540"}],"version-history":[{"count":11,"href":"https:\/\/js-jarocin.pl\/index.php\/wp-json\/wp\/v2\/pages\/540\/revisions"}],"predecessor-version":[{"id":2521,"href":"https:\/\/js-jarocin.pl\/index.php\/wp-json\/wp\/v2\/pages\/540\/revisions\/2521"}],"wp:attachment":[{"href":"https:\/\/js-jarocin.pl\/index.php\/wp-json\/wp\/v2\/media?parent=540"}],"curies":[{"name":"wp","href":"https:\/\/api.w.org\/{rel}","templated":true}]}}